{"id":31096,"date":"2025-02-25T12:06:46","date_gmt":"2025-02-25T11:06:46","guid":{"rendered":"https:\/\/dierenartsenzondergrenzen.nl\/?page_id=31096"},"modified":"2025-07-29T16:48:41","modified_gmt":"2025-07-29T14:48:41","slug":"livestock-4-empowerment","status":"publish","type":"page","link":"https:\/\/dierenartsenzondergrenzen.nl\/en\/livestock-4-empowerment\/","title":{"rendered":"Livestock for empowerment"},"content":{"rendered":"<div data-elementor-type=\"wp-page\" data-elementor-id=\"31096\" class=\"elementor elementor-31096\" data-elementor-post-type=\"page\">\n\t\t\t\t\t\t<section class=\"elementor-section elementor-top-section elementor-element elementor-element-2ca3edd elementor-section-height-min-height elementor-section-boxed elementor-section-height-default elementor-section-items-middle\" data-id=\"2ca3edd\" data-element_type=\"section\" data-e-type=\"section\" data-settings=\"{&quot;background_background&quot;:&quot;classic&quot;}\">\n\t\t\t\t\t\t<div class=\"elementor-container elementor-column-gap-default\">\n\t\t\t\t\t<div class=\"elementor-column elementor-col-50 elementor-top-column elementor-element elementor-element-af56d7a\" data-id=\"af56d7a\" data-element_type=\"column\" data-e-type=\"column\" data-settings=\"{&quot;background_background&quot;:&quot;classic&quot;}\">\n\t\t\t<div class=\"elementor-widget-wrap elementor-element-populated\">\n\t\t\t\t\t\t<div class=\"elementor-element elementor-element-f05267d elementor-widget elementor-widget-heading\" data-id=\"f05267d\" data-element_type=\"widget\" data-e-type=\"widget\" data-widget_type=\"heading.default\">\n\t\t\t\t<div class=\"elementor-widget-container\">\n\t\t\t\t\t<h2 class=\"elementor-heading-title elementor-size-default\">Livestock for empowerment<\/h2>\t\t\t\t<\/div>\n\t\t\t\t<\/div>\n\t\t\t\t<div class=\"elementor-element elementor-element-117bc5a text-decoration-link elementor-widget elementor-widget-text-editor\" data-id=\"117bc5a\" data-element_type=\"widget\" data-e-type=\"widget\" data-widget_type=\"text-editor.default\">\n\t\t\t\t<div class=\"elementor-widget-container\">\n\t\t\t\t\t\t\t\t\t<p>Met dit project wilden wij mensen in Mzimba en Rumphi, districten in Noord-Malawi, helpen met het cre\u00ebren van een verbeterde productiviteit van vee en een verbeterde positie voor vrouwen, jongeren en hun gezinnen.<\/p>\t\t\t\t\t\t\t\t<\/div>\n\t\t\t\t<\/div>\n\t\t\t\t\t<\/div>\n\t\t<\/div>\n\t\t\t\t<div class=\"elementor-column elementor-col-50 elementor-top-column elementor-element elementor-element-0b89562 elementor-hidden-mobile_extra elementor-hidden-mobile\" data-id=\"0b89562\" data-element_type=\"column\" data-e-type=\"column\">\n\t\t\t<div class=\"elementor-widget-wrap\">\n\t\t\t\t\t\t\t<\/div>\n\t\t<\/div>\n\t\t\t\t\t<\/div>\n\t\t<\/section>\n\t\t\t\t<section class=\"elementor-section elementor-top-section elementor-element elementor-element-73a2eba aboutus-maina elementor-section-boxed elementor-section-height-default elementor-section-height-default\" data-id=\"73a2eba\" data-element_type=\"section\" data-e-type=\"section\" data-settings=\"{&quot;background_background&quot;:&quot;classic&quot;}\">\n\t\t\t\t\t\t<div class=\"elementor-container elementor-column-gap-default\">\n\t\t\t\t\t<div class=\"elementor-column elementor-col-100 elementor-top-column elementor-element elementor-element-50ae1d5\" data-id=\"50ae1d5\" data-element_type=\"column\" data-e-type=\"column\">\n\t\t\t<div class=\"elementor-widget-wrap elementor-element-populated\">\n\t\t\t\t\t\t<section class=\"elementor-section elementor-inner-section elementor-element elementor-element-07686a4 elementor-section-full_width elementor-reverse-mobile elementor-reverse-mobile_extra elementor-section-height-default elementor-section-height-default\" data-id=\"07686a4\" data-element_type=\"section\" data-e-type=\"section\">\n\t\t\t\t\t\t<div class=\"elementor-container elementor-column-gap-default\">\n\t\t\t\t\t<div class=\"elementor-column elementor-col-50 elementor-inner-column elementor-element elementor-element-6d7b907\" data-id=\"6d7b907\" data-element_type=\"column\" data-e-type=\"column\">\n\t\t\t<div class=\"elementor-widget-wrap elementor-element-populated\">\n\t\t\t\t\t\t<div class=\"elementor-element elementor-element-9459cfa elementor-widget elementor-widget-heading\" data-id=\"9459cfa\" data-element_type=\"widget\" data-e-type=\"widget\" data-widget_type=\"heading.default\">\n\t\t\t\t<div class=\"elementor-widget-container\">\n\t\t\t\t\t<h2 class=\"elementor-heading-title elementor-size-default\">Resultaten van dit project<\/h2>\t\t\t\t<\/div>\n\t\t\t\t<\/div>\n\t\t\t\t<div class=\"elementor-element elementor-element-54fc6a5 text-decoration-link elementor-widget elementor-widget-text-editor\" data-id=\"54fc6a5\" data-element_type=\"widget\" data-e-type=\"widget\" data-widget_type=\"text-editor.default\">\n\t\t\t\t<div class=\"elementor-widget-container\">\n\t\t\t\t\t\t\t\t\t<p>Ons vooraf gestelde doel was om de leefomstandigheden van 2.500 huishoudens te verbeteren. Livestock For Empowerment (L4E) zou daarmee wel 12.500 directe begunstigden hebben!<\/p><p>Vanaf april 2021 is Centre For Community Empowerment Initiatives (CCEI) in Malawi, met de hulp van DZG-NL en Wilde Ganzen het project L4E gestart. Anderhalf jaar later is het project afgerond. L4E heeft de bevordering van de diergezondheid als doel gehad, waarin geloofd wordt in de kracht van het versterken en opleiden van de gemeenschap zelf. Met L4E hebben wij ervoor gezorgd dat vrouwen en jongeren in Malawi meer capaciteiten hebben gekregen om de productiviteit van hun vee op een duurzame en verantwoorde manier te verhogen en te verbeteren. Dit hebben wij gedaan door middel van diergezondheidswerkers, die wij ook wel Community Animal Health Workers (CAHWs) noemen. In deze periode zijn 37 CAHWs actief geweest en 754 boeren (504 vrouwen; 250 mannen) door CAHW\u2019s opgeleid. De CAHW\u2019s hebben ook de bouw van 21 rundveestallen, 207 geitenstallen, 130 varkensstallen en 265 kippenstallen makkelijker gemaakt.\u00a0<\/p><p>Daarnaast zijn tijdens de verslagperiode in totaal 1.216 boeren (571 vrouwen; 645 mannen) opgeleid in het beter beheren en gezond houden van hun vee. De opleiding is gegeven door onder andere overheidsmedewerkers van Malawi.<\/p><p>We zijn erg trots op de behaalde resultaten. Zo hebben\u00a0<strong>in totaal 19.875 boeren kunnen profiteren van het project<\/strong>\u00a0dankzij opleidingen , behandelingen en ziektepreventie (zoals vaccinatie tegen Newcastle ziekte bij kippen).<\/p>\t\t\t\t\t\t\t\t<\/div>\n\t\t\t\t<\/div>\n\t\t\t\t\t<\/div>\n\t\t<\/div>\n\t\t\t\t<div class=\"elementor-column elementor-col-50 elementor-inner-column elementor-element elementor-element-0bf1a95\" data-id=\"0bf1a95\" data-element_type=\"column\" data-e-type=\"column\">\n\t\t\t<div class=\"elementor-widget-wrap elementor-element-populated\">\n\t\t\t\t\t\t<div class=\"elementor-element elementor-element-4bc2ab6 elementor-widget elementor-widget-image\" data-id=\"4bc2ab6\" data-element_type=\"widget\" data-e-type=\"widget\" data-widget_type=\"image.default\">\n\t\t\t\t<div class=\"elementor-widget-container\">\n\t\t\t\t\t\t\t\t\t\t\t\t\t\t\t<img fetchpriority=\"high\" decoding=\"async\" width=\"1707\" height=\"2560\" src=\"https:\/\/dierenartsenzondergrenzen.nl\/wp-content\/uploads\/2022\/01\/2-fam-5-rural-scaled.jpg\" class=\"attachment-full size-full wp-image-27704\" alt=\"\" srcset=\"https:\/\/dierenartsenzondergrenzen.nl\/wp-content\/uploads\/2022\/01\/2-fam-5-rural-scaled.jpg 1707w, https:\/\/dierenartsenzondergrenzen.nl\/wp-content\/uploads\/2022\/01\/2-fam-5-rural-533x800.jpg 533w, https:\/\/dierenartsenzondergrenzen.nl\/wp-content\/uploads\/2022\/01\/2-fam-5-rural-800x1200.jpg 800w, https:\/\/dierenartsenzondergrenzen.nl\/wp-content\/uploads\/2022\/01\/2-fam-5-rural-1024x1536.jpg 1024w, https:\/\/dierenartsenzondergrenzen.nl\/wp-content\/uploads\/2022\/01\/2-fam-5-rural-1365x2048.jpg 1365w, https:\/\/dierenartsenzondergrenzen.nl\/wp-content\/uploads\/2022\/01\/2-fam-5-rural-100x150.jpg 100w, https:\/\/dierenartsenzondergrenzen.nl\/wp-content\/uploads\/2022\/01\/2-fam-5-rural-975x1463.jpg 975w, https:\/\/dierenartsenzondergrenzen.nl\/wp-content\/uploads\/2022\/01\/2-fam-5-rural-1384x2076.jpg 1384w, https:\/\/dierenartsenzondergrenzen.nl\/wp-content\/uploads\/2022\/01\/2-fam-5-rural-400x600.jpg 400w\" sizes=\"(max-width: 1707px) 100vw, 1707px\" \/>\t\t\t\t\t\t\t\t\t\t\t\t\t\t\t<\/div>\n\t\t\t\t<\/div>\n\t\t\t\t\t<\/div>\n\t\t<\/div>\n\t\t\t\t\t<\/div>\n\t\t<\/section>\n\t\t\t\t\t<\/div>\n\t\t<\/div>\n\t\t\t\t\t<\/div>\n\t\t<\/section>\n\t\t\t\t<section class=\"elementor-section elementor-top-section elementor-element elementor-element-e2473f9 elementor-section-boxed elementor-section-height-default elementor-section-height-default\" data-id=\"e2473f9\" data-element_type=\"section\" data-e-type=\"section\" data-settings=\"{&quot;background_background&quot;:&quot;classic&quot;}\">\n\t\t\t\t\t\t<div class=\"elementor-container elementor-column-gap-default\">\n\t\t\t\t\t<div class=\"elementor-column elementor-col-100 elementor-top-column elementor-element elementor-element-0ce0db4\" data-id=\"0ce0db4\" data-element_type=\"column\" data-e-type=\"column\">\n\t\t\t<div class=\"elementor-widget-wrap elementor-element-populated\">\n\t\t\t\t\t\t<section class=\"elementor-section elementor-inner-section elementor-element elementor-element-af02128 elementor-section-full_width elementor-section-height-default elementor-section-height-default\" data-id=\"af02128\" data-element_type=\"section\" data-e-type=\"section\">\n\t\t\t\t\t\t<div class=\"elementor-container elementor-column-gap-default\">\n\t\t\t\t\t<div class=\"elementor-column elementor-col-100 elementor-inner-column elementor-element elementor-element-4f8121d\" data-id=\"4f8121d\" data-element_type=\"column\" data-e-type=\"column\">\n\t\t\t<div class=\"elementor-widget-wrap elementor-element-populated\">\n\t\t\t\t\t\t<div class=\"elementor-element elementor-element-22291d8 elementor-widget-divider--view-line elementor-widget elementor-widget-divider\" data-id=\"22291d8\" data-element_type=\"widget\" data-e-type=\"widget\" data-widget_type=\"divider.default\">\n\t\t\t\t<div class=\"elementor-widget-container\">\n\t\t\t\t\t\t\t<div class=\"elementor-divider\">\n\t\t\t<span class=\"elementor-divider-separator\">\n\t\t\t\t\t\t<\/span>\n\t\t<\/div>\n\t\t\t\t\t\t<\/div>\n\t\t\t\t<\/div>\n\t\t\t\t<div class=\"elementor-element elementor-element-727aae3 elementor-widget elementor-widget-heading\" data-id=\"727aae3\" data-element_type=\"widget\" data-e-type=\"widget\" data-widget_type=\"heading.default\">\n\t\t\t\t<div class=\"elementor-widget-container\">\n\t\t\t\t\t<h2 class=\"elementor-heading-title elementor-size-default\">Would you like to make a contribution? <\/h2>\t\t\t\t<\/div>\n\t\t\t\t<\/div>\n\t\t\t\t<div class=\"elementor-element elementor-element-993bd79 elementor-widget elementor-widget-text-editor\" data-id=\"993bd79\" data-element_type=\"widget\" data-e-type=\"widget\" data-widget_type=\"text-editor.default\">\n\t\t\t\t<div class=\"elementor-widget-container\">\n\t\t\t\t\t\t\t\t\t<p>Livestock For Empowerment is met succes afgerond, maar de boeren plukken nog dagelijks de vruchten van de opleidingen die zij hebben gevolgd! Voor onze andere projecten en projecten die nog komen kunnen we jouw hulp goed gebruiken. Doneer een bedrag naar keuze via de onderstaande knop en zeg het voort! De boerengezinnen in Malawi en hun vee zullen je zeer dankbaar zijn.<\/p>\t\t\t\t\t\t\t\t<\/div>\n\t\t\t\t<\/div>\n\t\t\t\t\t<\/div>\n\t\t<\/div>\n\t\t\t\t\t<\/div>\n\t\t<\/section>\n\t\t\t\t<div class=\"elementor-element elementor-element-456bcd7 elementor-tablet_extra-align-left elementor-mobile_extra-align-left elementor-widget elementor-widget-button\" data-id=\"456bcd7\" data-element_type=\"widget\" data-e-type=\"widget\" data-widget_type=\"button.default\">\n\t\t\t\t<div class=\"elementor-widget-container\">\n\t\t\t\t\t\t\t\t\t<div class=\"elementor-button-wrapper\">\n\t\t\t\t\t<a class=\"elementor-button elementor-button-link elementor-size-sm\" href=\"#\">\n\t\t\t\t\t\t<span class=\"elementor-button-content-wrapper\">\n\t\t\t\t\t\t\t\t\t<span class=\"elementor-button-text\">Donate<\/span>\n\t\t\t\t\t<\/span>\n\t\t\t\t\t<\/a>\n\t\t\t\t<\/div>\n\t\t\t\t\t\t\t\t<\/div>\n\t\t\t\t<\/div>\n\t\t\t\t<div class=\"elementor-element elementor-element-6e0ff52 email-anchor elementor-widget elementor-widget-text-editor\" data-id=\"6e0ff52\" data-element_type=\"widget\" data-e-type=\"widget\" data-widget_type=\"text-editor.default\">\n\t\t\t\t<div class=\"elementor-widget-container\">\n\t\t\t\t\t\t\t\t\t<p>Vragen? Stuur vooral een bericht naar <a href=\"mailto:co\u00f6rdinator@dierenartsenzondergrenzen.nl\">co\u00f6rdinator@dierenartsenzondergrenzen.nl.\u00a0<\/a><\/p>\t\t\t\t\t\t\t\t<\/div>\n\t\t\t\t<\/div>\n\t\t\t\t\t<\/div>\n\t\t<\/div>\n\t\t\t\t\t<\/div>\n\t\t<\/section>\n\t\t\t\t<section class=\"elementor-section elementor-top-section elementor-element elementor-element-5dae72f elementor-section-height-min-height elementor-section-boxed elementor-section-height-default elementor-section-items-middle\" data-id=\"5dae72f\" data-element_type=\"section\" data-e-type=\"section\" data-settings=\"{&quot;background_background&quot;:&quot;classic&quot;}\">\n\t\t\t\t\t\t<div class=\"elementor-container elementor-column-gap-default\">\n\t\t\t\t\t<div class=\"elementor-column elementor-col-100 elementor-top-column elementor-element elementor-element-46ff681\" data-id=\"46ff681\" data-element_type=\"column\" data-e-type=\"column\">\n\t\t\t<div class=\"elementor-widget-wrap elementor-element-populated\">\n\t\t\t\t\t\t<div class=\"elementor-element elementor-element-8a4db31 elementor-widget__width-initial tranng-allow-drop elementor-widget elementor-widget-text-editor\" data-id=\"8a4db31\" data-element_type=\"widget\" data-e-type=\"widget\" data-widget_type=\"text-editor.default\">\n\t\t\t\t<div class=\"elementor-widget-container\">\n\t\t\t\t\t\t\t\t\tTogether, we can work towards global food security\nWith your support, we improve the future of African families by keeping their livestock healthy.\t\t\t\t\t\t\t\t<\/div>\n\t\t\t\t<\/div>\n\t\t\t\t\t<\/div>\n\t\t<\/div>\n\t\t\t\t\t<\/div>\n\t\t<\/section>\n\t\t\t\t<\/div>","protected":false},"excerpt":{"rendered":"<p>Livestock for Empowerment Met dit project wilden wij mensen in Mzimba en Rumphi, districten in Noord-Malawi, helpen met het cre\u00ebren van een verbeterde productiviteit van vee en een verbeterde positie voor vrouwen, jongeren en hun gezinnen. Resultaten van dit project Ons vooraf gestelde doel was om de leefomstandigheden van 2.500 huishoudens te verbeteren. Livestock For [&hellip;]<\/p>","protected":false},"author":76,"featured_media":0,"parent":0,"menu_order":0,"comment_status":"closed","ping_status":"closed","template":"elementor_header_footer","meta":{"footnotes":""},"class_list":["post-31096","page","type-page","status-publish","hentry"],"yoast_head":"<!-- This site is optimized with the Yoast SEO plugin v26.9 - https:\/\/yoast.com\/product\/yoast-seo-wordpress\/ -->\n<title>Livestock for Empowerment - Dierenartsen Zonder Grenzen<\/title>\n<meta name=\"robots\" content=\"index, follow, max-snippet:-1, max-image-preview:large, max-video-preview:-1\" \/>\n<link rel=\"canonical\" href=\"https:\/\/dierenartsenzondergrenzen.nl\/en\/livestock-4-empowerment\/\" \/>\n<meta property=\"og:locale\" content=\"en_GB\" \/>\n<meta property=\"og:type\" content=\"article\" \/>\n<meta property=\"og:title\" content=\"Livestock for Empowerment - Dierenartsen Zonder Grenzen\" \/>\n<meta property=\"og:description\" content=\"Livestock for Empowerment Met dit project wilden wij mensen in Mzimba en Rumphi, districten in Noord-Malawi, helpen met het cre\u00ebren van een verbeterde productiviteit van vee en een verbeterde positie voor vrouwen, jongeren en hun gezinnen. Resultaten van dit project Ons vooraf gestelde doel was om de leefomstandigheden van 2.500 huishoudens te verbeteren. Livestock For [&hellip;]\" \/>\n<meta property=\"og:url\" content=\"https:\/\/dierenartsenzondergrenzen.nl\/en\/livestock-4-empowerment\/\" \/>\n<meta property=\"og:site_name\" content=\"Dierenartsen Zonder Grenzen\" \/>\n<meta property=\"article:publisher\" content=\"https:\/\/www.facebook.com\/dierenartsenzondergrenzennederland\" \/>\n<meta property=\"article:modified_time\" content=\"2025-07-29T14:48:41+00:00\" \/>\n<meta property=\"og:image\" content=\"https:\/\/dierenartsenzondergrenzen.nl\/wp-content\/uploads\/2022\/01\/2-fam-5-rural-scaled.jpg\" \/>\n\t<meta property=\"og:image:width\" content=\"1707\" \/>\n\t<meta property=\"og:image:height\" content=\"2560\" \/>\n\t<meta property=\"og:image:type\" content=\"image\/jpeg\" \/>\n<meta name=\"twitter:card\" content=\"summary_large_image\" \/>\n<meta name=\"twitter:label1\" content=\"Estimated reading time\" \/>\n\t<meta name=\"twitter:data1\" content=\"3 minutes\" \/>\n<script type=\"application\/ld+json\" class=\"yoast-schema-graph\">{\"@context\":\"https:\/\/schema.org\",\"@graph\":[{\"@type\":\"WebPage\",\"@id\":\"https:\/\/dierenartsenzondergrenzen.nl\/livestock-4-empowerment\/\",\"url\":\"https:\/\/dierenartsenzondergrenzen.nl\/livestock-4-empowerment\/\",\"name\":\"Livestock for Empowerment - Dierenartsen Zonder Grenzen\",\"isPartOf\":{\"@id\":\"https:\/\/dierenartsenzondergrenzen.nl\/#website\"},\"primaryImageOfPage\":{\"@id\":\"https:\/\/dierenartsenzondergrenzen.nl\/livestock-4-empowerment\/#primaryimage\"},\"image\":{\"@id\":\"https:\/\/dierenartsenzondergrenzen.nl\/livestock-4-empowerment\/#primaryimage\"},\"thumbnailUrl\":\"https:\/\/dierenartsenzondergrenzen.nl\/wp-content\/uploads\/2022\/01\/2-fam-5-rural-scaled.jpg\",\"datePublished\":\"2025-02-25T11:06:46+00:00\",\"dateModified\":\"2025-07-29T14:48:41+00:00\",\"breadcrumb\":{\"@id\":\"https:\/\/dierenartsenzondergrenzen.nl\/livestock-4-empowerment\/#breadcrumb\"},\"inLanguage\":\"en-GB\",\"potentialAction\":[{\"@type\":\"ReadAction\",\"target\":[\"https:\/\/dierenartsenzondergrenzen.nl\/livestock-4-empowerment\/\"]}]},{\"@type\":\"ImageObject\",\"inLanguage\":\"en-GB\",\"@id\":\"https:\/\/dierenartsenzondergrenzen.nl\/livestock-4-empowerment\/#primaryimage\",\"url\":\"https:\/\/dierenartsenzondergrenzen.nl\/wp-content\/uploads\/2022\/01\/2-fam-5-rural-scaled.jpg\",\"contentUrl\":\"https:\/\/dierenartsenzondergrenzen.nl\/wp-content\/uploads\/2022\/01\/2-fam-5-rural-scaled.jpg\"},{\"@type\":\"BreadcrumbList\",\"@id\":\"https:\/\/dierenartsenzondergrenzen.nl\/livestock-4-empowerment\/#breadcrumb\",\"itemListElement\":[{\"@type\":\"ListItem\",\"position\":1,\"name\":\"Home\",\"item\":\"https:\/\/dierenartsenzondergrenzen.nl\/\"},{\"@type\":\"ListItem\",\"position\":2,\"name\":\"Livestock for Empowerment\"}]},{\"@type\":\"WebSite\",\"@id\":\"https:\/\/dierenartsenzondergrenzen.nl\/#website\",\"url\":\"https:\/\/dierenartsenzondergrenzen.nl\/\",\"name\":\"Dierenartsen Zonder Grenzen\",\"description\":\"Dierenartsen Zonder Grenzen\",\"publisher\":{\"@id\":\"https:\/\/dierenartsenzondergrenzen.nl\/#organization\"},\"potentialAction\":[{\"@type\":\"SearchAction\",\"target\":{\"@type\":\"EntryPoint\",\"urlTemplate\":\"https:\/\/dierenartsenzondergrenzen.nl\/?s={search_term_string}\"},\"query-input\":{\"@type\":\"PropertyValueSpecification\",\"valueRequired\":true,\"valueName\":\"search_term_string\"}}],\"inLanguage\":\"en-GB\"},{\"@type\":\"Organization\",\"@id\":\"https:\/\/dierenartsenzondergrenzen.nl\/#organization\",\"name\":\"Dierenartsen Zonder Grenzen\",\"url\":\"https:\/\/dierenartsenzondergrenzen.nl\/\",\"logo\":{\"@type\":\"ImageObject\",\"inLanguage\":\"en-GB\",\"@id\":\"https:\/\/dierenartsenzondergrenzen.nl\/#\/schema\/logo\/image\/\",\"url\":\"https:\/\/dierenartsenzondergrenzen.nl\/wp-content\/uploads\/2021\/12\/logo-VSF_NL_transparent-background.png\",\"contentUrl\":\"https:\/\/dierenartsenzondergrenzen.nl\/wp-content\/uploads\/2021\/12\/logo-VSF_NL_transparent-background.png\",\"width\":1654,\"height\":827,\"caption\":\"Dierenartsen Zonder Grenzen\"},\"image\":{\"@id\":\"https:\/\/dierenartsenzondergrenzen.nl\/#\/schema\/logo\/image\/\"},\"sameAs\":[\"https:\/\/www.facebook.com\/dierenartsenzondergrenzennederland\",\"https:\/\/www.instagram.com\/dierenartsenzondergrenzen.nl\/\"]}]}<\/script>\n<!-- \/ Yoast SEO plugin. -->","yoast_head_json":{"title":"Livestock for Empowerment - Dierenartsen Zonder Grenzen","robots":{"index":"index","follow":"follow","max-snippet":"max-snippet:-1","max-image-preview":"max-image-preview:large","max-video-preview":"max-video-preview:-1"},"canonical":"https:\/\/dierenartsenzondergrenzen.nl\/en\/livestock-4-empowerment\/","og_locale":"en_GB","og_type":"article","og_title":"Livestock for Empowerment - Dierenartsen Zonder Grenzen","og_description":"Livestock for Empowerment Met dit project wilden wij mensen in Mzimba en Rumphi, districten in Noord-Malawi, helpen met het cre\u00ebren van een verbeterde productiviteit van vee en een verbeterde positie voor vrouwen, jongeren en hun gezinnen. Resultaten van dit project Ons vooraf gestelde doel was om de leefomstandigheden van 2.500 huishoudens te verbeteren. Livestock For [&hellip;]","og_url":"https:\/\/dierenartsenzondergrenzen.nl\/en\/livestock-4-empowerment\/","og_site_name":"Dierenartsen Zonder Grenzen","article_publisher":"https:\/\/www.facebook.com\/dierenartsenzondergrenzennederland","article_modified_time":"2025-07-29T14:48:41+00:00","og_image":[{"width":1707,"height":2560,"url":"https:\/\/dierenartsenzondergrenzen.nl\/wp-content\/uploads\/2022\/01\/2-fam-5-rural-scaled.jpg","type":"image\/jpeg"}],"twitter_card":"summary_large_image","twitter_misc":{"Estimated reading time":"3 minutes"},"schema":{"@context":"https:\/\/schema.org","@graph":[{"@type":"WebPage","@id":"https:\/\/dierenartsenzondergrenzen.nl\/livestock-4-empowerment\/","url":"https:\/\/dierenartsenzondergrenzen.nl\/livestock-4-empowerment\/","name":"Livestock for Empowerment - Dierenartsen Zonder Grenzen","isPartOf":{"@id":"https:\/\/dierenartsenzondergrenzen.nl\/#website"},"primaryImageOfPage":{"@id":"https:\/\/dierenartsenzondergrenzen.nl\/livestock-4-empowerment\/#primaryimage"},"image":{"@id":"https:\/\/dierenartsenzondergrenzen.nl\/livestock-4-empowerment\/#primaryimage"},"thumbnailUrl":"https:\/\/dierenartsenzondergrenzen.nl\/wp-content\/uploads\/2022\/01\/2-fam-5-rural-scaled.jpg","datePublished":"2025-02-25T11:06:46+00:00","dateModified":"2025-07-29T14:48:41+00:00","breadcrumb":{"@id":"https:\/\/dierenartsenzondergrenzen.nl\/livestock-4-empowerment\/#breadcrumb"},"inLanguage":"en-GB","potentialAction":[{"@type":"ReadAction","target":["https:\/\/dierenartsenzondergrenzen.nl\/livestock-4-empowerment\/"]}]},{"@type":"ImageObject","inLanguage":"en-GB","@id":"https:\/\/dierenartsenzondergrenzen.nl\/livestock-4-empowerment\/#primaryimage","url":"https:\/\/dierenartsenzondergrenzen.nl\/wp-content\/uploads\/2022\/01\/2-fam-5-rural-scaled.jpg","contentUrl":"https:\/\/dierenartsenzondergrenzen.nl\/wp-content\/uploads\/2022\/01\/2-fam-5-rural-scaled.jpg"},{"@type":"BreadcrumbList","@id":"https:\/\/dierenartsenzondergrenzen.nl\/livestock-4-empowerment\/#breadcrumb","itemListElement":[{"@type":"ListItem","position":1,"name":"Home","item":"https:\/\/dierenartsenzondergrenzen.nl\/"},{"@type":"ListItem","position":2,"name":"Livestock for Empowerment"}]},{"@type":"WebSite","@id":"https:\/\/dierenartsenzondergrenzen.nl\/#website","url":"https:\/\/dierenartsenzondergrenzen.nl\/","name":"V\u00e9t\u00e9rinaires Sans Fronti\u00e8res","description":"V\u00e9t\u00e9rinaires Sans Fronti\u00e8res","publisher":{"@id":"https:\/\/dierenartsenzondergrenzen.nl\/#organization"},"potentialAction":[{"@type":"SearchAction","target":{"@type":"EntryPoint","urlTemplate":"https:\/\/dierenartsenzondergrenzen.nl\/?s={search_term_string}"},"query-input":{"@type":"PropertyValueSpecification","valueRequired":true,"valueName":"search_term_string"}}],"inLanguage":"en-GB"},{"@type":"Organization","@id":"https:\/\/dierenartsenzondergrenzen.nl\/#organization","name":"V\u00e9t\u00e9rinaires Sans Fronti\u00e8res","url":"https:\/\/dierenartsenzondergrenzen.nl\/","logo":{"@type":"ImageObject","inLanguage":"en-GB","@id":"https:\/\/dierenartsenzondergrenzen.nl\/#\/schema\/logo\/image\/","url":"https:\/\/dierenartsenzondergrenzen.nl\/wp-content\/uploads\/2021\/12\/logo-VSF_NL_transparent-background.png","contentUrl":"https:\/\/dierenartsenzondergrenzen.nl\/wp-content\/uploads\/2021\/12\/logo-VSF_NL_transparent-background.png","width":1654,"height":827,"caption":"Dierenartsen Zonder Grenzen"},"image":{"@id":"https:\/\/dierenartsenzondergrenzen.nl\/#\/schema\/logo\/image\/"},"sameAs":["https:\/\/www.facebook.com\/dierenartsenzondergrenzennederland","https:\/\/www.instagram.com\/dierenartsenzondergrenzen.nl\/"]}]}},"_links":{"self":[{"href":"https:\/\/dierenartsenzondergrenzen.nl\/en\/wp-json\/wp\/v2\/pages\/31096","targetHints":{"allow":["GET"]}}],"collection":[{"href":"https:\/\/dierenartsenzondergrenzen.nl\/en\/wp-json\/wp\/v2\/pages"}],"about":[{"href":"https:\/\/dierenartsenzondergrenzen.nl\/en\/wp-json\/wp\/v2\/types\/page"}],"author":[{"embeddable":true,"href":"https:\/\/dierenartsenzondergrenzen.nl\/en\/wp-json\/wp\/v2\/users\/76"}],"replies":[{"embeddable":true,"href":"https:\/\/dierenartsenzondergrenzen.nl\/en\/wp-json\/wp\/v2\/comments?post=31096"}],"version-history":[{"count":15,"href":"https:\/\/dierenartsenzondergrenzen.nl\/en\/wp-json\/wp\/v2\/pages\/31096\/revisions"}],"predecessor-version":[{"id":33316,"href":"https:\/\/dierenartsenzondergrenzen.nl\/en\/wp-json\/wp\/v2\/pages\/31096\/revisions\/33316"}],"wp:attachment":[{"href":"https:\/\/dierenartsenzondergrenzen.nl\/en\/wp-json\/wp\/v2\/media?parent=31096"}],"curies":[{"name":"wp","href":"https:\/\/api.w.org\/{rel}","templated":true}]}}