{"id":31158,"date":"2025-02-25T12:13:57","date_gmt":"2025-02-25T11:13:57","guid":{"rendered":"https:\/\/dierenartsenzondergrenzen.nl\/?page_id=31158"},"modified":"2025-03-25T12:10:26","modified_gmt":"2025-03-25T11:10:26","slug":"veterinaire-informatieservice","status":"publish","type":"page","link":"https:\/\/dierenartsenzondergrenzen.nl\/en\/veterinaire-informatieservice\/","title":{"rendered":"Veterinary Information Service"},"content":{"rendered":"<div data-elementor-type=\"wp-page\" data-elementor-id=\"31158\" class=\"elementor elementor-31158\" data-elementor-post-type=\"page\">\n\t\t\t\t\t\t<section class=\"elementor-section elementor-top-section elementor-element elementor-element-2ca3edd elementor-section-height-min-height elementor-section-boxed elementor-section-height-default elementor-section-items-middle\" data-id=\"2ca3edd\" data-element_type=\"section\" data-e-type=\"section\" data-settings=\"{&quot;background_background&quot;:&quot;classic&quot;}\">\n\t\t\t\t\t\t<div class=\"elementor-container elementor-column-gap-default\">\n\t\t\t\t\t<div class=\"elementor-column elementor-col-50 elementor-top-column elementor-element elementor-element-af56d7a\" data-id=\"af56d7a\" data-element_type=\"column\" data-e-type=\"column\" data-settings=\"{&quot;background_background&quot;:&quot;classic&quot;}\">\n\t\t\t<div class=\"elementor-widget-wrap elementor-element-populated\">\n\t\t\t\t\t\t<div class=\"elementor-element elementor-element-f05267d elementor-widget elementor-widget-heading\" data-id=\"f05267d\" data-element_type=\"widget\" data-e-type=\"widget\" data-widget_type=\"heading.default\">\n\t\t\t\t<div class=\"elementor-widget-container\">\n\t\t\t\t\t<h2 class=\"elementor-heading-title elementor-size-default\">Veterinary Information Service<\/h2>\t\t\t\t<\/div>\n\t\t\t\t<\/div>\n\t\t\t\t<div class=\"elementor-element elementor-element-117bc5a text-decoration-link elementor-widget elementor-widget-text-editor\" data-id=\"117bc5a\" data-element_type=\"widget\" data-e-type=\"widget\" data-widget_type=\"text-editor.default\">\n\t\t\t\t<div class=\"elementor-widget-container\">\n\t\t\t\t\t\t\t\t\t<p>With the Veterinary Information Service (VIS), VWB-Student provides practical solutions to challenges and questions faced by organisations in the Global South. This is done with the support of experienced veterinary specialists and extensive literature from the Faculty of Veterinary Medicine at Utrecht University.<\/p>\t\t\t\t\t\t\t\t<\/div>\n\t\t\t\t<\/div>\n\t\t\t\t\t<\/div>\n\t\t<\/div>\n\t\t\t\t<div class=\"elementor-column elementor-col-50 elementor-top-column elementor-element elementor-element-0b89562 elementor-hidden-mobile_extra elementor-hidden-mobile\" data-id=\"0b89562\" data-element_type=\"column\" data-e-type=\"column\">\n\t\t\t<div class=\"elementor-widget-wrap\">\n\t\t\t\t\t\t\t<\/div>\n\t\t<\/div>\n\t\t\t\t\t<\/div>\n\t\t<\/section>\n\t\t\t\t<section class=\"elementor-section elementor-top-section elementor-element elementor-element-33344af elementor-section-boxed elementor-section-height-default elementor-section-height-default\" data-id=\"33344af\" data-element_type=\"section\" data-e-type=\"section\">\n\t\t\t\t\t\t<div class=\"elementor-container elementor-column-gap-default\">\n\t\t\t\t\t<div class=\"elementor-column elementor-col-100 elementor-top-column elementor-element elementor-element-48142d3\" data-id=\"48142d3\" data-element_type=\"column\" data-e-type=\"column\">\n\t\t\t<div class=\"elementor-widget-wrap elementor-element-populated\">\n\t\t\t\t\t\t<div class=\"elementor-element elementor-element-431cefc elementor-widget elementor-widget-spacer\" data-id=\"431cefc\" data-element_type=\"widget\" data-e-type=\"widget\" data-widget_type=\"spacer.default\">\n\t\t\t\t<div class=\"elementor-widget-container\">\n\t\t\t\t\t\t\t<div class=\"elementor-spacer\">\n\t\t\t<div class=\"elementor-spacer-inner\"><\/div>\n\t\t<\/div>\n\t\t\t\t\t\t<\/div>\n\t\t\t\t<\/div>\n\t\t\t\t\t<\/div>\n\t\t<\/div>\n\t\t\t\t\t<\/div>\n\t\t<\/section>\n\t\t\t\t<section class=\"elementor-section elementor-top-section elementor-element elementor-element-b9b6b16 elementor-section-boxed elementor-section-height-default elementor-section-height-default\" data-id=\"b9b6b16\" data-element_type=\"section\" data-e-type=\"section\">\n\t\t\t\t\t\t<div class=\"elementor-container elementor-column-gap-default\">\n\t\t\t\t\t<div class=\"elementor-column elementor-col-50 elementor-top-column elementor-element elementor-element-7a69729\" data-id=\"7a69729\" data-element_type=\"column\" data-e-type=\"column\">\n\t\t\t<div class=\"elementor-widget-wrap elementor-element-populated\">\n\t\t\t\t\t\t<div class=\"elementor-element elementor-element-baea597 elementor-widget elementor-widget-heading\" data-id=\"baea597\" data-element_type=\"widget\" data-e-type=\"widget\" data-widget_type=\"heading.default\">\n\t\t\t\t<div class=\"elementor-widget-container\">\n\t\t\t\t\t<h2 class=\"elementor-heading-title elementor-size-default\">We are happy to help!<\/h2>\t\t\t\t<\/div>\n\t\t\t\t<\/div>\n\t\t\t\t<div class=\"elementor-element elementor-element-76de65b elementor-widget elementor-widget-text-editor\" data-id=\"76de65b\" data-element_type=\"widget\" data-e-type=\"widget\" data-widget_type=\"text-editor.default\">\n\t\t\t\t<div class=\"elementor-widget-container\">\n\t\t\t\t\t\t\t\t\t<p>The Veterinary Information Service (VIS) is a free question-and-answer service provided by VWB-Student to individuals and organisations working in the Global South. The service focuses on answering veterinary-related questions. Through this service, we aim to share veterinary knowledge and provide support from the Netherlands to people in the Global South. We have a large group of enthusiastic veterinary students who, with the support of experienced veterinary specialists and the extensive literature of the Faculty of Veterinary Medicine at Utrecht University, are able to find practical solutions to a wide range of challenges and questions.<\/p>\n<p>Do you have a question? Email us at&nbsp;<a href=\"mailto:student@dierenartsenzondergrenzen.nl\">student@dierenartsenzondergrenzen.nl<\/a>, and make sure to include \u201cVIS\u201d in the subject line.<\/p>\t\t\t\t\t\t\t\t<\/div>\n\t\t\t\t<\/div>\n\t\t\t\t\t<\/div>\n\t\t<\/div>\n\t\t\t\t<div class=\"elementor-column elementor-col-50 elementor-top-column elementor-element elementor-element-ee66643\" data-id=\"ee66643\" data-element_type=\"column\" data-e-type=\"column\">\n\t\t\t<div class=\"elementor-widget-wrap elementor-element-populated\">\n\t\t\t\t\t\t<div class=\"elementor-element elementor-element-9f322b1 elementor-widget-tablet_extra__width-initial elementor-widget elementor-widget-image\" data-id=\"9f322b1\" data-element_type=\"widget\" data-e-type=\"widget\" data-widget_type=\"image.default\">\n\t\t\t\t<div class=\"elementor-widget-container\">\n\t\t\t\t\t\t\t\t\t\t\t\t\t\t\t<img decoding=\"async\" src=\"https:\/\/dierenartsenzondergrenzen.nl\/wp-content\/uploads\/elementor\/thumbs\/Scherm\u00adafbeelding-2023-06-17-om-18.55.49-qijchv6bkiy7pd80yufuhdb4txnhcronpth4m4wyow.png\" title=\"Scherm\u00adafbeelding 2023-06-17 om 18.55.49\" alt=\"Scherm\u00adafbeelding 2023-06-17 om 18.55.49\" loading=\"lazy\" \/>\t\t\t\t\t\t\t\t\t\t\t\t\t\t\t<\/div>\n\t\t\t\t<\/div>\n\t\t\t\t\t<\/div>\n\t\t<\/div>\n\t\t\t\t\t<\/div>\n\t\t<\/section>\n\t\t\t\t<section class=\"elementor-section elementor-top-section elementor-element elementor-element-2697c0e elementor-section-boxed elementor-section-height-default elementor-section-height-default\" data-id=\"2697c0e\" data-element_type=\"section\" data-e-type=\"section\">\n\t\t\t\t\t\t<div class=\"elementor-container elementor-column-gap-default\">\n\t\t\t\t\t<div class=\"elementor-column elementor-col-100 elementor-top-column elementor-element elementor-element-ffb84f7\" data-id=\"ffb84f7\" data-element_type=\"column\" data-e-type=\"column\">\n\t\t\t<div class=\"elementor-widget-wrap elementor-element-populated\">\n\t\t\t\t\t\t<div class=\"elementor-element elementor-element-ab3a945 elementor-widget elementor-widget-spacer\" data-id=\"ab3a945\" data-element_type=\"widget\" data-e-type=\"widget\" data-widget_type=\"spacer.default\">\n\t\t\t\t<div class=\"elementor-widget-container\">\n\t\t\t\t\t\t\t<div class=\"elementor-spacer\">\n\t\t\t<div class=\"elementor-spacer-inner\"><\/div>\n\t\t<\/div>\n\t\t\t\t\t\t<\/div>\n\t\t\t\t<\/div>\n\t\t\t\t\t<\/div>\n\t\t<\/div>\n\t\t\t\t\t<\/div>\n\t\t<\/section>\n\t\t\t\t<section class=\"elementor-section elementor-top-section elementor-element elementor-element-5dae72f elementor-section-height-min-height elementor-section-boxed elementor-section-height-default elementor-section-items-middle\" data-id=\"5dae72f\" data-element_type=\"section\" data-e-type=\"section\" data-settings=\"{&quot;background_background&quot;:&quot;classic&quot;}\">\n\t\t\t\t\t\t<div class=\"elementor-container elementor-column-gap-default\">\n\t\t\t\t\t<div class=\"elementor-column elementor-col-100 elementor-top-column elementor-element elementor-element-46ff681\" data-id=\"46ff681\" data-element_type=\"column\" data-e-type=\"column\">\n\t\t\t<div class=\"elementor-widget-wrap elementor-element-populated\">\n\t\t\t\t\t\t<div class=\"elementor-element elementor-element-8a4db31 elementor-widget__width-initial tranng-allow-drop elementor-widget elementor-widget-text-editor\" data-id=\"8a4db31\" data-element_type=\"widget\" data-e-type=\"widget\" data-widget_type=\"text-editor.default\">\n\t\t\t\t<div class=\"elementor-widget-container\">\n\t\t\t\t\t\t\t\t\t<h4>By sharing knowledge, we improve the lives of both people and animals<\/h4>\t\t\t\t\t\t\t\t<\/div>\n\t\t\t\t<\/div>\n\t\t\t\t\t<\/div>\n\t\t<\/div>\n\t\t\t\t\t<\/div>\n\t\t<\/section>\n\t\t\t\t<\/div>","protected":false},"excerpt":{"rendered":"<p>Veterinary Information Service Met de Veterinary Information Service (VIS) verleent DZG-Student praktische oplossingen voor problemen en vragen van organisaties in het Zuiden. Dit word gedaan met behulp van ervaren veterinaire specialisten en uitgebreide literatuur van de Faculteit Diergeneeskunde van de Universiteit Utrecht. We helpen je graag verder! De Veterinary Informatie service (V.I.S.) is een gratis [&hellip;]<\/p>","protected":false},"author":76,"featured_media":0,"parent":0,"menu_order":0,"comment_status":"closed","ping_status":"closed","template":"elementor_header_footer","meta":{"footnotes":""},"class_list":["post-31158","page","type-page","status-publish","hentry"],"yoast_head":"<!-- This site is optimized with the Yoast SEO plugin v26.9 - https:\/\/yoast.com\/product\/yoast-seo-wordpress\/ -->\n<title>Veterinaire informatieservice - Dierenartsen Zonder Grenzen<\/title>\n<meta name=\"robots\" content=\"index, follow, max-snippet:-1, max-image-preview:large, max-video-preview:-1\" \/>\n<link rel=\"canonical\" href=\"https:\/\/dierenartsenzondergrenzen.nl\/en\/veterinaire-informatieservice\/\" \/>\n<meta property=\"og:locale\" content=\"en_GB\" \/>\n<meta property=\"og:type\" content=\"article\" \/>\n<meta property=\"og:title\" content=\"Veterinaire informatieservice - Dierenartsen Zonder Grenzen\" \/>\n<meta property=\"og:description\" content=\"Veterinary Information Service Met de Veterinary Information Service (VIS) verleent DZG-Student praktische oplossingen voor problemen en vragen van organisaties in het Zuiden. Dit word gedaan met behulp van ervaren veterinaire specialisten en uitgebreide literatuur van de Faculteit Diergeneeskunde van de Universiteit Utrecht. We helpen je graag verder! De Veterinary Informatie service (V.I.S.) is een gratis [&hellip;]\" \/>\n<meta property=\"og:url\" content=\"https:\/\/dierenartsenzondergrenzen.nl\/en\/veterinaire-informatieservice\/\" \/>\n<meta property=\"og:site_name\" content=\"Dierenartsen Zonder Grenzen\" \/>\n<meta property=\"article:publisher\" content=\"https:\/\/www.facebook.com\/dierenartsenzondergrenzennederland\" \/>\n<meta property=\"article:modified_time\" content=\"2025-03-25T11:10:26+00:00\" \/>\n<meta name=\"twitter:card\" content=\"summary_large_image\" \/>\n<meta name=\"twitter:label1\" content=\"Estimated reading time\" \/>\n\t<meta name=\"twitter:data1\" content=\"2 minutes\" \/>\n<script type=\"application\/ld+json\" class=\"yoast-schema-graph\">{\"@context\":\"https:\/\/schema.org\",\"@graph\":[{\"@type\":\"WebPage\",\"@id\":\"https:\/\/dierenartsenzondergrenzen.nl\/veterinaire-informatieservice\/\",\"url\":\"https:\/\/dierenartsenzondergrenzen.nl\/veterinaire-informatieservice\/\",\"name\":\"Veterinaire informatieservice - Dierenartsen Zonder Grenzen\",\"isPartOf\":{\"@id\":\"https:\/\/dierenartsenzondergrenzen.nl\/#website\"},\"datePublished\":\"2025-02-25T11:13:57+00:00\",\"dateModified\":\"2025-03-25T11:10:26+00:00\",\"breadcrumb\":{\"@id\":\"https:\/\/dierenartsenzondergrenzen.nl\/veterinaire-informatieservice\/#breadcrumb\"},\"inLanguage\":\"en-GB\",\"potentialAction\":[{\"@type\":\"ReadAction\",\"target\":[\"https:\/\/dierenartsenzondergrenzen.nl\/veterinaire-informatieservice\/\"]}]},{\"@type\":\"BreadcrumbList\",\"@id\":\"https:\/\/dierenartsenzondergrenzen.nl\/veterinaire-informatieservice\/#breadcrumb\",\"itemListElement\":[{\"@type\":\"ListItem\",\"position\":1,\"name\":\"Home\",\"item\":\"https:\/\/dierenartsenzondergrenzen.nl\/\"},{\"@type\":\"ListItem\",\"position\":2,\"name\":\"Veterinaire informatieservice\"}]},{\"@type\":\"WebSite\",\"@id\":\"https:\/\/dierenartsenzondergrenzen.nl\/#website\",\"url\":\"https:\/\/dierenartsenzondergrenzen.nl\/\",\"name\":\"Dierenartsen Zonder Grenzen\",\"description\":\"Dierenartsen Zonder Grenzen\",\"publisher\":{\"@id\":\"https:\/\/dierenartsenzondergrenzen.nl\/#organization\"},\"potentialAction\":[{\"@type\":\"SearchAction\",\"target\":{\"@type\":\"EntryPoint\",\"urlTemplate\":\"https:\/\/dierenartsenzondergrenzen.nl\/?s={search_term_string}\"},\"query-input\":{\"@type\":\"PropertyValueSpecification\",\"valueRequired\":true,\"valueName\":\"search_term_string\"}}],\"inLanguage\":\"en-GB\"},{\"@type\":\"Organization\",\"@id\":\"https:\/\/dierenartsenzondergrenzen.nl\/#organization\",\"name\":\"Dierenartsen Zonder Grenzen\",\"url\":\"https:\/\/dierenartsenzondergrenzen.nl\/\",\"logo\":{\"@type\":\"ImageObject\",\"inLanguage\":\"en-GB\",\"@id\":\"https:\/\/dierenartsenzondergrenzen.nl\/#\/schema\/logo\/image\/\",\"url\":\"https:\/\/dierenartsenzondergrenzen.nl\/wp-content\/uploads\/2021\/12\/logo-VSF_NL_transparent-background.png\",\"contentUrl\":\"https:\/\/dierenartsenzondergrenzen.nl\/wp-content\/uploads\/2021\/12\/logo-VSF_NL_transparent-background.png\",\"width\":1654,\"height\":827,\"caption\":\"Dierenartsen Zonder Grenzen\"},\"image\":{\"@id\":\"https:\/\/dierenartsenzondergrenzen.nl\/#\/schema\/logo\/image\/\"},\"sameAs\":[\"https:\/\/www.facebook.com\/dierenartsenzondergrenzennederland\",\"https:\/\/www.instagram.com\/dierenartsenzondergrenzen.nl\/\"]}]}<\/script>\n<!-- \/ Yoast SEO plugin. -->","yoast_head_json":{"title":"Veterinaire informatieservice - Dierenartsen Zonder Grenzen","robots":{"index":"index","follow":"follow","max-snippet":"max-snippet:-1","max-image-preview":"max-image-preview:large","max-video-preview":"max-video-preview:-1"},"canonical":"https:\/\/dierenartsenzondergrenzen.nl\/en\/veterinaire-informatieservice\/","og_locale":"en_GB","og_type":"article","og_title":"Veterinaire informatieservice - Dierenartsen Zonder Grenzen","og_description":"Veterinary Information Service Met de Veterinary Information Service (VIS) verleent DZG-Student praktische oplossingen voor problemen en vragen van organisaties in het Zuiden. Dit word gedaan met behulp van ervaren veterinaire specialisten en uitgebreide literatuur van de Faculteit Diergeneeskunde van de Universiteit Utrecht. We helpen je graag verder! De Veterinary Informatie service (V.I.S.) is een gratis [&hellip;]","og_url":"https:\/\/dierenartsenzondergrenzen.nl\/en\/veterinaire-informatieservice\/","og_site_name":"Dierenartsen Zonder Grenzen","article_publisher":"https:\/\/www.facebook.com\/dierenartsenzondergrenzennederland","article_modified_time":"2025-03-25T11:10:26+00:00","twitter_card":"summary_large_image","twitter_misc":{"Estimated reading time":"2 minutes"},"schema":{"@context":"https:\/\/schema.org","@graph":[{"@type":"WebPage","@id":"https:\/\/dierenartsenzondergrenzen.nl\/veterinaire-informatieservice\/","url":"https:\/\/dierenartsenzondergrenzen.nl\/veterinaire-informatieservice\/","name":"Veterinaire informatieservice - Dierenartsen Zonder Grenzen","isPartOf":{"@id":"https:\/\/dierenartsenzondergrenzen.nl\/#website"},"datePublished":"2025-02-25T11:13:57+00:00","dateModified":"2025-03-25T11:10:26+00:00","breadcrumb":{"@id":"https:\/\/dierenartsenzondergrenzen.nl\/veterinaire-informatieservice\/#breadcrumb"},"inLanguage":"en-GB","potentialAction":[{"@type":"ReadAction","target":["https:\/\/dierenartsenzondergrenzen.nl\/veterinaire-informatieservice\/"]}]},{"@type":"BreadcrumbList","@id":"https:\/\/dierenartsenzondergrenzen.nl\/veterinaire-informatieservice\/#breadcrumb","itemListElement":[{"@type":"ListItem","position":1,"name":"Home","item":"https:\/\/dierenartsenzondergrenzen.nl\/"},{"@type":"ListItem","position":2,"name":"Veterinaire informatieservice"}]},{"@type":"WebSite","@id":"https:\/\/dierenartsenzondergrenzen.nl\/#website","url":"https:\/\/dierenartsenzondergrenzen.nl\/","name":"V\u00e9t\u00e9rinaires Sans Fronti\u00e8res","description":"V\u00e9t\u00e9rinaires Sans Fronti\u00e8res","publisher":{"@id":"https:\/\/dierenartsenzondergrenzen.nl\/#organization"},"potentialAction":[{"@type":"SearchAction","target":{"@type":"EntryPoint","urlTemplate":"https:\/\/dierenartsenzondergrenzen.nl\/?s={search_term_string}"},"query-input":{"@type":"PropertyValueSpecification","valueRequired":true,"valueName":"search_term_string"}}],"inLanguage":"en-GB"},{"@type":"Organization","@id":"https:\/\/dierenartsenzondergrenzen.nl\/#organization","name":"V\u00e9t\u00e9rinaires Sans Fronti\u00e8res","url":"https:\/\/dierenartsenzondergrenzen.nl\/","logo":{"@type":"ImageObject","inLanguage":"en-GB","@id":"https:\/\/dierenartsenzondergrenzen.nl\/#\/schema\/logo\/image\/","url":"https:\/\/dierenartsenzondergrenzen.nl\/wp-content\/uploads\/2021\/12\/logo-VSF_NL_transparent-background.png","contentUrl":"https:\/\/dierenartsenzondergrenzen.nl\/wp-content\/uploads\/2021\/12\/logo-VSF_NL_transparent-background.png","width":1654,"height":827,"caption":"Dierenartsen Zonder Grenzen"},"image":{"@id":"https:\/\/dierenartsenzondergrenzen.nl\/#\/schema\/logo\/image\/"},"sameAs":["https:\/\/www.facebook.com\/dierenartsenzondergrenzennederland","https:\/\/www.instagram.com\/dierenartsenzondergrenzen.nl\/"]}]}},"_links":{"self":[{"href":"https:\/\/dierenartsenzondergrenzen.nl\/en\/wp-json\/wp\/v2\/pages\/31158","targetHints":{"allow":["GET"]}}],"collection":[{"href":"https:\/\/dierenartsenzondergrenzen.nl\/en\/wp-json\/wp\/v2\/pages"}],"about":[{"href":"https:\/\/dierenartsenzondergrenzen.nl\/en\/wp-json\/wp\/v2\/types\/page"}],"author":[{"embeddable":true,"href":"https:\/\/dierenartsenzondergrenzen.nl\/en\/wp-json\/wp\/v2\/users\/76"}],"replies":[{"embeddable":true,"href":"https:\/\/dierenartsenzondergrenzen.nl\/en\/wp-json\/wp\/v2\/comments?post=31158"}],"version-history":[{"count":16,"href":"https:\/\/dierenartsenzondergrenzen.nl\/en\/wp-json\/wp\/v2\/pages\/31158\/revisions"}],"predecessor-version":[{"id":32497,"href":"https:\/\/dierenartsenzondergrenzen.nl\/en\/wp-json\/wp\/v2\/pages\/31158\/revisions\/32497"}],"wp:attachment":[{"href":"https:\/\/dierenartsenzondergrenzen.nl\/en\/wp-json\/wp\/v2\/media?parent=31158"}],"curies":[{"name":"wp","href":"https:\/\/api.w.org\/{rel}","templated":true}]}}