{"id":31386,"date":"2025-02-25T14:40:18","date_gmt":"2025-02-25T13:40:18","guid":{"rendered":"https:\/\/dierenartsenzondergrenzen.nl\/?page_id=31386"},"modified":"2025-03-27T16:07:33","modified_gmt":"2025-03-27T15:07:33","slug":"hoe-het-begon","status":"publish","type":"page","link":"https:\/\/dierenartsenzondergrenzen.nl\/en\/hoe-het-begon\/","title":{"rendered":"How we started"},"content":{"rendered":"<div data-elementor-type=\"wp-page\" data-elementor-id=\"31386\" class=\"elementor elementor-31386\" data-elementor-post-type=\"page\">\n\t\t\t\t\t\t<section class=\"elementor-section elementor-top-section elementor-element elementor-element-2ca3edd elementor-section-height-min-height elementor-section-boxed elementor-section-height-default elementor-section-items-middle\" data-id=\"2ca3edd\" data-element_type=\"section\" data-e-type=\"section\" data-settings=\"{&quot;background_background&quot;:&quot;classic&quot;}\">\n\t\t\t\t\t\t<div class=\"elementor-container elementor-column-gap-default\">\n\t\t\t\t\t<div class=\"elementor-column elementor-col-50 elementor-top-column elementor-element elementor-element-af56d7a\" data-id=\"af56d7a\" data-element_type=\"column\" data-e-type=\"column\" data-settings=\"{&quot;background_background&quot;:&quot;classic&quot;}\">\n\t\t\t<div class=\"elementor-widget-wrap elementor-element-populated\">\n\t\t\t\t\t\t<div class=\"elementor-element elementor-element-f05267d elementor-widget elementor-widget-heading\" data-id=\"f05267d\" data-element_type=\"widget\" data-e-type=\"widget\" data-widget_type=\"heading.default\">\n\t\t\t\t<div class=\"elementor-widget-container\">\n\t\t\t\t\t<h2 class=\"elementor-heading-title elementor-size-default\">Our history<\/h2>\t\t\t\t<\/div>\n\t\t\t\t<\/div>\n\t\t\t\t<div class=\"elementor-element elementor-element-117bc5a text-decoration-link elementor-widget elementor-widget-text-editor\" data-id=\"117bc5a\" data-element_type=\"widget\" data-e-type=\"widget\" data-widget_type=\"text-editor.default\">\n\t\t\t\t<div class=\"elementor-widget-container\">\n\t\t\t\t\t\t\t\t\t<p>Veterinarians Without Borders Netherlands was founded by and for veterinarians. We support African veterinarians and farmers in keeping their animals healthy, enabling them to build a sustainable future for themselves and their families.\u00a0<\/p>\t\t\t\t\t\t\t\t<\/div>\n\t\t\t\t<\/div>\n\t\t\t\t\t<\/div>\n\t\t<\/div>\n\t\t\t\t<div class=\"elementor-column elementor-col-50 elementor-top-column elementor-element elementor-element-0b89562 elementor-hidden-mobile_extra elementor-hidden-mobile\" data-id=\"0b89562\" data-element_type=\"column\" data-e-type=\"column\">\n\t\t\t<div class=\"elementor-widget-wrap\">\n\t\t\t\t\t\t\t<\/div>\n\t\t<\/div>\n\t\t\t\t\t<\/div>\n\t\t<\/section>\n\t\t\t\t<section class=\"elementor-section elementor-top-section elementor-element elementor-element-33344af elementor-section-boxed elementor-section-height-default elementor-section-height-default\" data-id=\"33344af\" data-element_type=\"section\" data-e-type=\"section\">\n\t\t\t\t\t\t<div class=\"elementor-container elementor-column-gap-default\">\n\t\t\t\t\t<div class=\"elementor-column elementor-col-100 elementor-top-column elementor-element elementor-element-48142d3\" data-id=\"48142d3\" data-element_type=\"column\" data-e-type=\"column\">\n\t\t\t<div class=\"elementor-widget-wrap elementor-element-populated\">\n\t\t\t\t\t\t<div class=\"elementor-element elementor-element-431cefc elementor-widget elementor-widget-spacer\" data-id=\"431cefc\" data-element_type=\"widget\" data-e-type=\"widget\" data-widget_type=\"spacer.default\">\n\t\t\t\t<div class=\"elementor-widget-container\">\n\t\t\t\t\t\t\t<div class=\"elementor-spacer\">\n\t\t\t<div class=\"elementor-spacer-inner\"><\/div>\n\t\t<\/div>\n\t\t\t\t\t\t<\/div>\n\t\t\t\t<\/div>\n\t\t\t\t\t<\/div>\n\t\t<\/div>\n\t\t\t\t\t<\/div>\n\t\t<\/section>\n\t\t\t\t<section class=\"elementor-section elementor-top-section elementor-element elementor-element-e9a30f9 elementor-section-boxed elementor-section-height-default elementor-section-height-default\" data-id=\"e9a30f9\" data-element_type=\"section\" data-e-type=\"section\">\n\t\t\t\t\t\t<div class=\"elementor-container elementor-column-gap-default\">\n\t\t\t\t\t<div class=\"elementor-column elementor-col-100 elementor-top-column elementor-element elementor-element-0397bdf\" data-id=\"0397bdf\" data-element_type=\"column\" data-e-type=\"column\">\n\t\t\t<div class=\"elementor-widget-wrap elementor-element-populated\">\n\t\t\t\t\t\t<div class=\"elementor-element elementor-element-bd623eb elementor-widget elementor-widget-heading\" data-id=\"bd623eb\" data-element_type=\"widget\" data-e-type=\"widget\" data-widget_type=\"heading.default\">\n\t\t\t\t<div class=\"elementor-widget-container\">\n\t\t\t\t\t<h2 class=\"elementor-heading-title elementor-size-default\">How did Veterinarians Without Borders Netherlands originate?<\/h2>\t\t\t\t<\/div>\n\t\t\t\t<\/div>\n\t\t\t\t<div class=\"elementor-element elementor-element-76de65b elementor-widget elementor-widget-text-editor\" data-id=\"76de65b\" data-element_type=\"widget\" data-e-type=\"widget\" data-widget_type=\"text-editor.default\">\n\t\t\t\t<div class=\"elementor-widget-container\">\n\t\t\t\t\t\t\t\t\t<p>In 1987, the Foundation for Veterinary Medicine in Development Cooperation (FVMD) was established by veterinarians and based at the Faculty of Veterinary Medicine. The foundation is largely run by volunteers, especially veterinary students. In 1989, DIO joined the international network <a href=\"https:\/\/vsf-international.org\/\">V\u00e9t\u00e9rinaires Sans Fronti\u00e8res International (VSF-I).<\/a><\/p><p>In the years that followed, DIO expanded its activities and defined several key objectives: answering veterinary questions from the Global South, integrating veterinary medicine into development cooperation, and implementing projects in the Global South. In addition, efforts were made to inform the Dutch public through symposia, lectures, and other activities.\u00a0<span style=\"color: var( --e-global-color-text );\">From 2011 onwards, FVMD focused on a project in Malawi, training 15 community animal health workers.<\/span><\/p><p>Meanwhile, the student board of FVMD developed the ambition to professionalise and raise more funds in the Netherlands in order to support more projects in the Global South. Therefore, in June 2018, with the support of <a href=\"https:\/\/dierenartsenzondergrenzen.be\/\">Veterinarians Without Borders Belgium<\/a> the new foundation Veterinarians Without Borders Netherlands was established.\nIt was agreed that the project in Malawi would continue and be expanded, while students <a href=\"https:\/\/dierenartsenzondergrenzen.nl\/en\/dzg-student\/\">(VWB-Student)<\/a> would continue organising activities. Since then, multiple projects have been launched in Malawi, mainly focused on expanding the network of community animal health workers and combating rabies. See the project timeline below. To learn more about our current projects, visit <a href=\"https:\/\/dierenartsenzondergrenzen.nl\/en\/projecten\/onze-projecten\/\">Our Projects.\u00a0<\/a><\/p>\t\t\t\t\t\t\t\t<\/div>\n\t\t\t\t<\/div>\n\t\t\t\t\t<\/div>\n\t\t<\/div>\n\t\t\t\t\t<\/div>\n\t\t<\/section>\n\t\t\t\t<section class=\"elementor-section elementor-top-section elementor-element elementor-element-2697c0e elementor-section-boxed elementor-section-height-default elementor-section-height-default\" data-id=\"2697c0e\" data-element_type=\"section\" data-e-type=\"section\">\n\t\t\t\t\t\t<div class=\"elementor-container elementor-column-gap-default\">\n\t\t\t\t\t<div class=\"elementor-column elementor-col-100 elementor-top-column elementor-element elementor-element-ffb84f7\" data-id=\"ffb84f7\" data-element_type=\"column\" data-e-type=\"column\">\n\t\t\t<div class=\"elementor-widget-wrap elementor-element-populated\">\n\t\t\t\t\t\t<div class=\"elementor-element elementor-element-47bcf1f elementor-widget elementor-widget-html\" data-id=\"47bcf1f\" data-element_type=\"widget\" data-e-type=\"widget\" data-widget_type=\"html.default\">\n\t\t\t\t<div class=\"elementor-widget-container\">\n\t\t\t\t\t<div class=\"timeline-container\">\r\n    <div class=\"timeline\">\r\n        <div class=\"timeline-item\">\r\n            <div class=\"timeline-year\">2018<\/div>\r\n            <div class=\"timeline-content\">\r\n                <h3>Start of first project: PASACLIP <\/h3>\r\n                <p> Increasing income and food security for smallholder farmers by improving animal health and veterinary services.<\/p>\r\n            <\/div>\r\n        <\/div>\r\n\r\n        <div class=\"timeline-item\">\r\n            <div class=\"timeline-year\">2020<\/div>\r\n            <div class=\"timeline-content\">\r\n                <h3>Livestock for empowerment<\/h3>\r\n                <p>Training community animal health workers, who in turn support and train local farmers to keep their livestock healthy. This increases livestock productivity and income, making farmers and their families more resilient.  <\/p>\r\n            <\/div>\r\n        <\/div>\r\n\r\n        <div class=\"timeline-item\">\r\n            <div class=\"timeline-year\">2022<\/div>\r\n            <div class=\"timeline-content\">\r\n                <h3>Action Towards the Elimination of Rabies <\/h3>\r\n                <p>Combating the deadly rabies virus by vaccinating dogs and cats and organising awareness campaigns. The goal is a rabies-free Malawi by 2030.<\/p>\r\n            <\/div>\r\n        <\/div>\r\n\r\n        <div class=\"timeline-item\">\r\n            <div class=\"timeline-year\">2024<\/div>\r\n            <div class=\"timeline-content\">\r\n                <h3>Herds for Empowerment<\/h3>\r\n                <p>A project focused on empowering women in livestock farming. Around 75% of farmers in Malawi are women, who are responsible for livestock and household income.<\/p>\r\n            <\/div>\r\n        <\/div>\r\n\r\n        <div class=\"timeline-item\">\r\n            <div class=\"timeline-year\">2025<\/div>\r\n            <div class=\"timeline-content\">\r\n                <h3>Generating Agricultural Income and Nutrition<\/h3>\r\n                <p>Improving animal health and milk production by training more community animal health workers. The project also focuses on reducing milk waste by facilitating training in yoghurt and cheese production, improving both income and nutrition for farmers.<\/p>\r\n            <\/div>\r\n        <\/div>\r\n    <\/div>\r\n<\/div>\r\n\r\n<style>\r\n\/* Algemene container voor centrering *\/\r\n.timeline-container {\r\n    display: flex;\r\n    justify-content: center;\r\n    padding: 20px;\r\n    overflow-x: auto;\r\n}\r\n\r\n\/* Horizontale tijdlijn *\/\r\n.timeline {\r\n    display: flex;\r\n    align-items: center;\r\n    gap: 30px;\r\n    position: relative;\r\n}\r\n\r\n\/* Lijn tussen de items *\/\r\n.timeline::before {\r\n    content: \"\";\r\n    position: absolute;\r\n    top: 50%;\r\n    left: 0;\r\n    width: 100%;\r\n    height: 4px;\r\n    background: #B44926;\r\n    z-index: -1;\r\n}\r\n\r\n\/* Tijdlijn items *\/\r\n.timeline-item {\r\n    display: flex;\r\n    flex-direction: column;\r\n    align-items: center;\r\n    text-align: center;\r\n    position: relative;\r\n}\r\n\r\n\/* Jaartallen in een cirkel *\/\r\n.timeline-year {\r\n    width: 80px;\r\n    height: 80px;\r\n    background: #B44926;\r\n    color: white;\r\n    font-size: 20px;\r\n    font-weight: bold;\r\n    display: flex;\r\n    align-items: center;\r\n    justify-content: center;\r\n    border-radius: 50%;\r\n    margin-bottom: 10px;\r\n    box-shadow: 0 0 10px rgba(0, 0, 0, 0.2);\r\n}\r\n\r\n\/* Contentbox onder het jaartal *\/\r\n.timeline-content {\r\n    background: #f5f5f5;\r\n    padding: 15px;\r\n    border-radius: 8px;\r\n    box-shadow: 0 \r\n\t\t\t\t<\/div>\n\t\t\t\t<\/div>\n\t\t\t\t\t<\/div>\n\t\t<\/div>\n\t\t\t\t\t<\/div>\n\t\t<\/section>\n\t\t\t\t<section class=\"elementor-section elementor-top-section elementor-element elementor-element-5dae72f elementor-section-height-min-height elementor-section-boxed elementor-section-height-default elementor-section-items-middle\" data-id=\"5dae72f\" data-element_type=\"section\" data-e-type=\"section\" data-settings=\"{&quot;background_background&quot;:&quot;classic&quot;}\">\n\t\t\t\t\t\t<div class=\"elementor-container elementor-column-gap-default\">\n\t\t\t\t\t<div class=\"elementor-column elementor-col-100 elementor-top-column elementor-element elementor-element-46ff681\" data-id=\"46ff681\" data-element_type=\"column\" data-e-type=\"column\">\n\t\t\t<div class=\"elementor-widget-wrap elementor-element-populated\">\n\t\t\t\t\t\t<div class=\"elementor-element elementor-element-8a4db31 elementor-widget__width-initial tranng-allow-drop elementor-widget elementor-widget-text-editor\" data-id=\"8a4db31\" data-element_type=\"widget\" data-e-type=\"widget\" data-widget_type=\"text-editor.default\">\n\t\t\t\t<div class=\"elementor-widget-container\">\n\t\t\t\t\t\t\t\t\t<h4>Together, we work worldwide towards food security.<br \/>With your donation, we improve the future of African families by keeping their livestock healthy.<\/h4>\t\t\t\t\t\t\t\t<\/div>\n\t\t\t\t<\/div>\n\t\t\t\t\t<\/div>\n\t\t<\/div>\n\t\t\t\t\t<\/div>\n\t\t<\/section>\n\t\t\t\t<\/div>","protected":false},"excerpt":{"rendered":"<p>Onze geschiedenis Dierenartsen Zonder Grenzen-Nederland is opgezet door en voor dierenartsen. Wij helpen Afrikaanse dierenartsen en boeren met het gezond houden van hun dieren. Daardoor kunnen zij bouwen aan een duurzame toekomst voor henzelf en hun familie.\u00a0 Hoe is Dierenartsen Zonder Grenzen Nederland ontstaan? In 1987 is Stichting Diergeneeskunde in Ontwikkelingssamenwerking (DIO) opgericht door dierenartsen [&hellip;]<\/p>","protected":false},"author":76,"featured_media":0,"parent":0,"menu_order":0,"comment_status":"closed","ping_status":"closed","template":"elementor_header_footer","meta":{"footnotes":""},"class_list":["post-31386","page","type-page","status-publish","hentry"],"yoast_head":"<!-- This site is optimized with the Yoast SEO plugin v26.9 - https:\/\/yoast.com\/product\/yoast-seo-wordpress\/ -->\n<title>Hoe het begon - Dierenartsen Zonder Grenzen<\/title>\n<meta name=\"robots\" content=\"index, follow, max-snippet:-1, max-image-preview:large, max-video-preview:-1\" \/>\n<link rel=\"canonical\" href=\"https:\/\/dierenartsenzondergrenzen.nl\/en\/hoe-het-begon\/\" \/>\n<meta property=\"og:locale\" content=\"en_GB\" \/>\n<meta property=\"og:type\" content=\"article\" \/>\n<meta property=\"og:title\" content=\"Hoe het begon - Dierenartsen Zonder Grenzen\" \/>\n<meta property=\"og:description\" content=\"Onze geschiedenis Dierenartsen Zonder Grenzen-Nederland is opgezet door en voor dierenartsen. Wij helpen Afrikaanse dierenartsen en boeren met het gezond houden van hun dieren. Daardoor kunnen zij bouwen aan een duurzame toekomst voor henzelf en hun familie.\u00a0 Hoe is Dierenartsen Zonder Grenzen Nederland ontstaan? In 1987 is Stichting Diergeneeskunde in Ontwikkelingssamenwerking (DIO) opgericht door dierenartsen [&hellip;]\" \/>\n<meta property=\"og:url\" content=\"https:\/\/dierenartsenzondergrenzen.nl\/en\/hoe-het-begon\/\" \/>\n<meta property=\"og:site_name\" content=\"Dierenartsen Zonder Grenzen\" \/>\n<meta property=\"article:publisher\" content=\"https:\/\/www.facebook.com\/dierenartsenzondergrenzennederland\" \/>\n<meta property=\"article:modified_time\" content=\"2025-03-27T15:07:33+00:00\" \/>\n<meta name=\"twitter:card\" content=\"summary_large_image\" \/>\n<meta name=\"twitter:label1\" content=\"Estimated reading time\" \/>\n\t<meta name=\"twitter:data1\" content=\"3 minutes\" \/>\n<script type=\"application\/ld+json\" class=\"yoast-schema-graph\">{\"@context\":\"https:\/\/schema.org\",\"@graph\":[{\"@type\":\"WebPage\",\"@id\":\"https:\/\/dierenartsenzondergrenzen.nl\/hoe-het-begon\/\",\"url\":\"https:\/\/dierenartsenzondergrenzen.nl\/hoe-het-begon\/\",\"name\":\"Hoe het begon - Dierenartsen Zonder Grenzen\",\"isPartOf\":{\"@id\":\"https:\/\/dierenartsenzondergrenzen.nl\/#website\"},\"datePublished\":\"2025-02-25T13:40:18+00:00\",\"dateModified\":\"2025-03-27T15:07:33+00:00\",\"breadcrumb\":{\"@id\":\"https:\/\/dierenartsenzondergrenzen.nl\/hoe-het-begon\/#breadcrumb\"},\"inLanguage\":\"en-GB\",\"potentialAction\":[{\"@type\":\"ReadAction\",\"target\":[\"https:\/\/dierenartsenzondergrenzen.nl\/hoe-het-begon\/\"]}]},{\"@type\":\"BreadcrumbList\",\"@id\":\"https:\/\/dierenartsenzondergrenzen.nl\/hoe-het-begon\/#breadcrumb\",\"itemListElement\":[{\"@type\":\"ListItem\",\"position\":1,\"name\":\"Home\",\"item\":\"https:\/\/dierenartsenzondergrenzen.nl\/\"},{\"@type\":\"ListItem\",\"position\":2,\"name\":\"Hoe het begon\"}]},{\"@type\":\"WebSite\",\"@id\":\"https:\/\/dierenartsenzondergrenzen.nl\/#website\",\"url\":\"https:\/\/dierenartsenzondergrenzen.nl\/\",\"name\":\"Dierenartsen Zonder Grenzen\",\"description\":\"Dierenartsen Zonder Grenzen\",\"publisher\":{\"@id\":\"https:\/\/dierenartsenzondergrenzen.nl\/#organization\"},\"potentialAction\":[{\"@type\":\"SearchAction\",\"target\":{\"@type\":\"EntryPoint\",\"urlTemplate\":\"https:\/\/dierenartsenzondergrenzen.nl\/?s={search_term_string}\"},\"query-input\":{\"@type\":\"PropertyValueSpecification\",\"valueRequired\":true,\"valueName\":\"search_term_string\"}}],\"inLanguage\":\"en-GB\"},{\"@type\":\"Organization\",\"@id\":\"https:\/\/dierenartsenzondergrenzen.nl\/#organization\",\"name\":\"Dierenartsen Zonder Grenzen\",\"url\":\"https:\/\/dierenartsenzondergrenzen.nl\/\",\"logo\":{\"@type\":\"ImageObject\",\"inLanguage\":\"en-GB\",\"@id\":\"https:\/\/dierenartsenzondergrenzen.nl\/#\/schema\/logo\/image\/\",\"url\":\"https:\/\/dierenartsenzondergrenzen.nl\/wp-content\/uploads\/2021\/12\/logo-VSF_NL_transparent-background.png\",\"contentUrl\":\"https:\/\/dierenartsenzondergrenzen.nl\/wp-content\/uploads\/2021\/12\/logo-VSF_NL_transparent-background.png\",\"width\":1654,\"height\":827,\"caption\":\"Dierenartsen Zonder Grenzen\"},\"image\":{\"@id\":\"https:\/\/dierenartsenzondergrenzen.nl\/#\/schema\/logo\/image\/\"},\"sameAs\":[\"https:\/\/www.facebook.com\/dierenartsenzondergrenzennederland\",\"https:\/\/www.instagram.com\/dierenartsenzondergrenzen.nl\/\"]}]}<\/script>\n<!-- \/ Yoast SEO plugin. -->","yoast_head_json":{"title":"Hoe het begon - Dierenartsen Zonder Grenzen","robots":{"index":"index","follow":"follow","max-snippet":"max-snippet:-1","max-image-preview":"max-image-preview:large","max-video-preview":"max-video-preview:-1"},"canonical":"https:\/\/dierenartsenzondergrenzen.nl\/en\/hoe-het-begon\/","og_locale":"en_GB","og_type":"article","og_title":"Hoe het begon - Dierenartsen Zonder Grenzen","og_description":"Onze geschiedenis Dierenartsen Zonder Grenzen-Nederland is opgezet door en voor dierenartsen. Wij helpen Afrikaanse dierenartsen en boeren met het gezond houden van hun dieren. Daardoor kunnen zij bouwen aan een duurzame toekomst voor henzelf en hun familie.\u00a0 Hoe is Dierenartsen Zonder Grenzen Nederland ontstaan? In 1987 is Stichting Diergeneeskunde in Ontwikkelingssamenwerking (DIO) opgericht door dierenartsen [&hellip;]","og_url":"https:\/\/dierenartsenzondergrenzen.nl\/en\/hoe-het-begon\/","og_site_name":"Dierenartsen Zonder Grenzen","article_publisher":"https:\/\/www.facebook.com\/dierenartsenzondergrenzennederland","article_modified_time":"2025-03-27T15:07:33+00:00","twitter_card":"summary_large_image","twitter_misc":{"Estimated reading time":"3 minutes"},"schema":{"@context":"https:\/\/schema.org","@graph":[{"@type":"WebPage","@id":"https:\/\/dierenartsenzondergrenzen.nl\/hoe-het-begon\/","url":"https:\/\/dierenartsenzondergrenzen.nl\/hoe-het-begon\/","name":"Hoe het begon - Dierenartsen Zonder Grenzen","isPartOf":{"@id":"https:\/\/dierenartsenzondergrenzen.nl\/#website"},"datePublished":"2025-02-25T13:40:18+00:00","dateModified":"2025-03-27T15:07:33+00:00","breadcrumb":{"@id":"https:\/\/dierenartsenzondergrenzen.nl\/hoe-het-begon\/#breadcrumb"},"inLanguage":"en-GB","potentialAction":[{"@type":"ReadAction","target":["https:\/\/dierenartsenzondergrenzen.nl\/hoe-het-begon\/"]}]},{"@type":"BreadcrumbList","@id":"https:\/\/dierenartsenzondergrenzen.nl\/hoe-het-begon\/#breadcrumb","itemListElement":[{"@type":"ListItem","position":1,"name":"Home","item":"https:\/\/dierenartsenzondergrenzen.nl\/"},{"@type":"ListItem","position":2,"name":"Hoe het begon"}]},{"@type":"WebSite","@id":"https:\/\/dierenartsenzondergrenzen.nl\/#website","url":"https:\/\/dierenartsenzondergrenzen.nl\/","name":"V\u00e9t\u00e9rinaires Sans Fronti\u00e8res","description":"V\u00e9t\u00e9rinaires Sans Fronti\u00e8res","publisher":{"@id":"https:\/\/dierenartsenzondergrenzen.nl\/#organization"},"potentialAction":[{"@type":"SearchAction","target":{"@type":"EntryPoint","urlTemplate":"https:\/\/dierenartsenzondergrenzen.nl\/?s={search_term_string}"},"query-input":{"@type":"PropertyValueSpecification","valueRequired":true,"valueName":"search_term_string"}}],"inLanguage":"en-GB"},{"@type":"Organization","@id":"https:\/\/dierenartsenzondergrenzen.nl\/#organization","name":"V\u00e9t\u00e9rinaires Sans Fronti\u00e8res","url":"https:\/\/dierenartsenzondergrenzen.nl\/","logo":{"@type":"ImageObject","inLanguage":"en-GB","@id":"https:\/\/dierenartsenzondergrenzen.nl\/#\/schema\/logo\/image\/","url":"https:\/\/dierenartsenzondergrenzen.nl\/wp-content\/uploads\/2021\/12\/logo-VSF_NL_transparent-background.png","contentUrl":"https:\/\/dierenartsenzondergrenzen.nl\/wp-content\/uploads\/2021\/12\/logo-VSF_NL_transparent-background.png","width":1654,"height":827,"caption":"Dierenartsen Zonder Grenzen"},"image":{"@id":"https:\/\/dierenartsenzondergrenzen.nl\/#\/schema\/logo\/image\/"},"sameAs":["https:\/\/www.facebook.com\/dierenartsenzondergrenzennederland","https:\/\/www.instagram.com\/dierenartsenzondergrenzen.nl\/"]}]}},"_links":{"self":[{"href":"https:\/\/dierenartsenzondergrenzen.nl\/en\/wp-json\/wp\/v2\/pages\/31386","targetHints":{"allow":["GET"]}}],"collection":[{"href":"https:\/\/dierenartsenzondergrenzen.nl\/en\/wp-json\/wp\/v2\/pages"}],"about":[{"href":"https:\/\/dierenartsenzondergrenzen.nl\/en\/wp-json\/wp\/v2\/types\/page"}],"author":[{"embeddable":true,"href":"https:\/\/dierenartsenzondergrenzen.nl\/en\/wp-json\/wp\/v2\/users\/76"}],"replies":[{"embeddable":true,"href":"https:\/\/dierenartsenzondergrenzen.nl\/en\/wp-json\/wp\/v2\/comments?post=31386"}],"version-history":[{"count":19,"href":"https:\/\/dierenartsenzondergrenzen.nl\/en\/wp-json\/wp\/v2\/pages\/31386\/revisions"}],"predecessor-version":[{"id":32687,"href":"https:\/\/dierenartsenzondergrenzen.nl\/en\/wp-json\/wp\/v2\/pages\/31386\/revisions\/32687"}],"wp:attachment":[{"href":"https:\/\/dierenartsenzondergrenzen.nl\/en\/wp-json\/wp\/v2\/media?parent=31386"}],"curies":[{"name":"wp","href":"https:\/\/api.w.org\/{rel}","templated":true}]}}