{"id":31500,"date":"2025-02-27T18:19:57","date_gmt":"2025-02-27T17:19:57","guid":{"rendered":"https:\/\/dierenartsenzondergrenzen.nl\/?page_id=31500"},"modified":"2025-04-03T15:00:05","modified_gmt":"2025-04-03T13:00:05","slug":"dzg-student-gastlessen","status":"publish","type":"page","link":"https:\/\/dierenartsenzondergrenzen.nl\/en\/dzg-student-gastlessen\/","title":{"rendered":"DZG student gastlessen"},"content":{"rendered":"<div data-elementor-type=\"wp-page\" data-elementor-id=\"31500\" class=\"elementor elementor-31500\" data-elementor-post-type=\"page\">\n\t\t\t\t\t\t<section class=\"elementor-section elementor-top-section elementor-element elementor-element-2ca3edd elementor-section-height-min-height elementor-section-boxed elementor-section-height-default elementor-section-items-middle\" data-id=\"2ca3edd\" data-element_type=\"section\" data-e-type=\"section\" data-settings=\"{&quot;background_background&quot;:&quot;classic&quot;}\">\n\t\t\t\t\t\t<div class=\"elementor-container elementor-column-gap-default\">\n\t\t\t\t\t<div class=\"elementor-column elementor-col-50 elementor-top-column elementor-element elementor-element-af56d7a\" data-id=\"af56d7a\" data-element_type=\"column\" data-e-type=\"column\" data-settings=\"{&quot;background_background&quot;:&quot;classic&quot;}\">\n\t\t\t<div class=\"elementor-widget-wrap elementor-element-populated\">\n\t\t\t\t\t\t<div class=\"elementor-element elementor-element-f05267d elementor-widget elementor-widget-heading\" data-id=\"f05267d\" data-element_type=\"widget\" data-e-type=\"widget\" data-widget_type=\"heading.default\">\n\t\t\t\t<div class=\"elementor-widget-container\">\n\t\t\t\t\t<h2 class=\"elementor-heading-title elementor-size-default\">Gastlessen<\/h2>\t\t\t\t<\/div>\n\t\t\t\t<\/div>\n\t\t\t\t<div class=\"elementor-element elementor-element-117bc5a text-decoration-link elementor-widget elementor-widget-text-editor\" data-id=\"117bc5a\" data-element_type=\"widget\" data-e-type=\"widget\" data-widget_type=\"text-editor.default\">\n\t\t\t\t<div class=\"elementor-widget-container\">\n\t\t\t\t\t\t\t\t\t<p>De educatiecommissie is opgericht om jonge mensen te informeren over het belang van One Health in Nederland en ontwikkelingslanden. Wij willen bewustzijn cre\u00ebren over o.a. dierenwelzijn en duurzaamheid, aangezien dit steeds meer opkomende, belangrijke onderwerpen zijn in onze huidige maatschappij. Daarnaast vergroten wij hiermee het bewustzijn over het belang van diergeneeskunde en de veehouderij in zowel Nederland als Afrika.\u00a0<\/p><p>De les staat dan ook in het teken van ons motto: gezonde dieren, gezonde mensen, gezond planeet.<\/p>\t\t\t\t\t\t\t\t<\/div>\n\t\t\t\t<\/div>\n\t\t\t\t\t<\/div>\n\t\t<\/div>\n\t\t\t\t<div class=\"elementor-column elementor-col-50 elementor-top-column elementor-element elementor-element-0b89562 elementor-hidden-mobile_extra elementor-hidden-mobile\" data-id=\"0b89562\" data-element_type=\"column\" data-e-type=\"column\">\n\t\t\t<div class=\"elementor-widget-wrap\">\n\t\t\t\t\t\t\t<\/div>\n\t\t<\/div>\n\t\t\t\t\t<\/div>\n\t\t<\/section>\n\t\t\t\t<section class=\"elementor-section elementor-top-section elementor-element elementor-element-ee79c48 elementor-section-boxed elementor-section-height-default elementor-section-height-default\" data-id=\"ee79c48\" data-element_type=\"section\" data-e-type=\"section\">\n\t\t\t\t\t\t<div class=\"elementor-container elementor-column-gap-default\">\n\t\t\t\t\t<div class=\"elementor-column elementor-col-100 elementor-top-column elementor-element elementor-element-3d4716b\" data-id=\"3d4716b\" data-element_type=\"column\" data-e-type=\"column\">\n\t\t\t<div class=\"elementor-widget-wrap elementor-element-populated\">\n\t\t\t\t\t\t<div class=\"elementor-element elementor-element-246f08c elementor-widget elementor-widget-spacer\" data-id=\"246f08c\" data-element_type=\"widget\" data-e-type=\"widget\" data-widget_type=\"spacer.default\">\n\t\t\t\t<div class=\"elementor-widget-container\">\n\t\t\t\t\t\t\t<div class=\"elementor-spacer\">\n\t\t\t<div class=\"elementor-spacer-inner\"><\/div>\n\t\t<\/div>\n\t\t\t\t\t\t<\/div>\n\t\t\t\t<\/div>\n\t\t\t\t\t<\/div>\n\t\t<\/div>\n\t\t\t\t\t<\/div>\n\t\t<\/section>\n\t\t\t\t<section class=\"elementor-section elementor-top-section elementor-element elementor-element-d1429b5 elementor-section-boxed elementor-section-height-default elementor-section-height-default\" data-id=\"d1429b5\" data-element_type=\"section\" data-e-type=\"section\">\n\t\t\t\t\t\t<div class=\"elementor-container elementor-column-gap-default\">\n\t\t\t\t\t<div class=\"elementor-column elementor-col-100 elementor-top-column elementor-element elementor-element-7ef30ee\" data-id=\"7ef30ee\" data-element_type=\"column\" data-e-type=\"column\">\n\t\t\t<div class=\"elementor-widget-wrap elementor-element-populated\">\n\t\t\t\t\t\t<div class=\"elementor-element elementor-element-52f2332 elementor-widget elementor-widget-heading\" data-id=\"52f2332\" data-element_type=\"widget\" data-e-type=\"widget\" data-widget_type=\"heading.default\">\n\t\t\t\t<div class=\"elementor-widget-container\">\n\t\t\t\t\t<h2 class=\"elementor-heading-title elementor-size-default\"><span style=\"font-weight: normal\">Ons doel<\/span><\/h2>\t\t\t\t<\/div>\n\t\t\t\t<\/div>\n\t\t\t\t<div class=\"elementor-element elementor-element-13e37de elementor-widget elementor-widget-text-editor\" data-id=\"13e37de\" data-element_type=\"widget\" data-e-type=\"widget\" data-widget_type=\"text-editor.default\">\n\t\t\t\t<div class=\"elementor-widget-container\">\n\t\t\t\t\t\t\t\t\t<div id=\"\" class=\"x-text\"><p>De gezondheid van het dier is niet alleen belangrijk voor het dier zelf, maar ook voor de mens in het kader van volksgezondheid. Het woord &#8221;One Health&#8221; vormt hierin een sleutelbegrip: gezonde dieren, gezonde mensen en een gezonde planeet.\u00a0<\/p><\/div><p>Om deze doelen te bereiken hebben wij een les ontwikkeld die inzoomt op de omstandigheden als\u00a0<strong>dierenarts in Malawi<\/strong>. Dit is een land in Afrika waar Dierenartsen Zonder Grenzen-Nederland actief is.<\/p><p>In de les gaan we het hebben over vraagstukken zoals: Wat is voor een dierenarts in Afrika anders dan voor een dierenarts in Nederland? Waarom is een dierenarts ook van belang wanneer we het hebben over de gezondheid van mensen?\u00a0<\/p><p>Door deze vraagstukken op een leuke interactieve manier te behandelen, hopen wij hun horizon te verbreden.<\/p>\t\t\t\t\t\t\t\t<\/div>\n\t\t\t\t<\/div>\n\t\t\t\t<div class=\"elementor-element elementor-element-eaf0a22 elementor-widget elementor-widget-spacer\" data-id=\"eaf0a22\" data-element_type=\"widget\" data-e-type=\"widget\" data-widget_type=\"spacer.default\">\n\t\t\t\t<div class=\"elementor-widget-container\">\n\t\t\t\t\t\t\t<div class=\"elementor-spacer\">\n\t\t\t<div class=\"elementor-spacer-inner\"><\/div>\n\t\t<\/div>\n\t\t\t\t\t\t<\/div>\n\t\t\t\t<\/div>\n\t\t\t\t\t<\/div>\n\t\t<\/div>\n\t\t\t\t\t<\/div>\n\t\t<\/section>\n\t\t\t\t<section class=\"elementor-section elementor-top-section elementor-element elementor-element-24a703f elementor-section-boxed elementor-section-height-default elementor-section-height-default\" data-id=\"24a703f\" data-element_type=\"section\" data-e-type=\"section\" data-settings=\"{&quot;background_background&quot;:&quot;classic&quot;}\">\n\t\t\t\t\t\t<div class=\"elementor-container elementor-column-gap-default\">\n\t\t\t\t\t<div class=\"elementor-column elementor-col-100 elementor-top-column elementor-element elementor-element-e23525f\" data-id=\"e23525f\" data-element_type=\"column\" data-e-type=\"column\">\n\t\t\t<div class=\"elementor-widget-wrap elementor-element-populated\">\n\t\t\t\t\t\t<div class=\"elementor-element elementor-element-977c281 elementor-widget elementor-widget-spacer\" data-id=\"977c281\" data-element_type=\"widget\" data-e-type=\"widget\" data-widget_type=\"spacer.default\">\n\t\t\t\t<div class=\"elementor-widget-container\">\n\t\t\t\t\t\t\t<div class=\"elementor-spacer\">\n\t\t\t<div class=\"elementor-spacer-inner\"><\/div>\n\t\t<\/div>\n\t\t\t\t\t\t<\/div>\n\t\t\t\t<\/div>\n\t\t\t\t<div class=\"elementor-element elementor-element-97dc61a elementor-widget elementor-widget-heading\" data-id=\"97dc61a\" data-element_type=\"widget\" data-e-type=\"widget\" data-widget_type=\"heading.default\">\n\t\t\t\t<div class=\"elementor-widget-container\">\n\t\t\t\t\t<h2 class=\"elementor-heading-title elementor-size-default\"><span style=\"font-weight: normal\">Over de lessen<\/span><\/h2>\t\t\t\t<\/div>\n\t\t\t\t<\/div>\n\t\t\t\t<div class=\"elementor-element elementor-element-12c228a elementor-widget elementor-widget-text-editor\" data-id=\"12c228a\" data-element_type=\"widget\" data-e-type=\"widget\" data-widget_type=\"text-editor.default\">\n\t\t\t\t<div class=\"elementor-widget-container\">\n\t\t\t\t\t\t\t\t\t<p><span style=\"color: #ffffff;\">De les bestaat uit zowel theoretische als praktische onderdelen, waaronder een organenpuzzel, verbandje leggen en luisteren met een stethoscoop. Door de theorie en praktijk met elkaar af te wisselen, zorgen wij dat het leuk en interessant blijft voor de leerlingen!<\/span><\/p><p><span style=\"color: #ffffff;\">Deze les is op dit moment bestemd voor\u00a0<strong style=\"font-weight: bold;\">basisschoolleerlingen<\/strong>, maar momenteel zijn wij bezig met de uitbreidingen naar het hoger onderwijs. De duur van de les is aan te passen, maar de les zal gemiddeld<strong style=\"font-weight: bold;\">\u00a01 \u00e0 2 uur<\/strong> in beslag nemen. De les wordt gegeven op vrijwillige basis, maar we vragen een bijdrage van <strong>45 euro per les excl. de reiskosten<\/strong>. Deze bijdrage gebruiken wij om de materialen voor de les en andere initiatieven van onze stichting te financieren. Mochten de kosten een probleem zijn, neem dan even contact met ons op, dan bespreken we de mogelijkheden.<\/span><\/p><p><span style=\"color: #ffffff;\">Wij staan daarnaast ook altijd open voor\u00a0<strong style=\"font-weight: bold;\">andere lesaanvragen<\/strong> over onderwerpen die te maken hebben met Dierenartsen Zonder Grenzen!<\/span><\/p>\t\t\t\t\t\t\t\t<\/div>\n\t\t\t\t<\/div>\n\t\t\t\t<div class=\"elementor-element elementor-element-bd4257f elementor-widget elementor-widget-spacer\" data-id=\"bd4257f\" data-element_type=\"widget\" data-e-type=\"widget\" data-widget_type=\"spacer.default\">\n\t\t\t\t<div class=\"elementor-widget-container\">\n\t\t\t\t\t\t\t<div class=\"elementor-spacer\">\n\t\t\t<div class=\"elementor-spacer-inner\"><\/div>\n\t\t<\/div>\n\t\t\t\t\t\t<\/div>\n\t\t\t\t<\/div>\n\t\t\t\t\t<\/div>\n\t\t<\/div>\n\t\t\t\t\t<\/div>\n\t\t<\/section>\n\t\t\t\t<section class=\"elementor-section elementor-top-section elementor-element elementor-element-52d3b9f elementor-section-boxed elementor-section-height-default elementor-section-height-default\" data-id=\"52d3b9f\" data-element_type=\"section\" data-e-type=\"section\">\n\t\t\t\t\t\t<div class=\"elementor-container elementor-column-gap-default\">\n\t\t\t\t\t<div class=\"elementor-column elementor-col-100 elementor-top-column elementor-element elementor-element-2679f32\" data-id=\"2679f32\" data-element_type=\"column\" data-e-type=\"column\">\n\t\t\t<div class=\"elementor-widget-wrap elementor-element-populated\">\n\t\t\t\t\t\t<div class=\"elementor-element elementor-element-0efdfec elementor-widget elementor-widget-spacer\" data-id=\"0efdfec\" data-element_type=\"widget\" data-e-type=\"widget\" data-widget_type=\"spacer.default\">\n\t\t\t\t<div class=\"elementor-widget-container\">\n\t\t\t\t\t\t\t<div class=\"elementor-spacer\">\n\t\t\t<div class=\"elementor-spacer-inner\"><\/div>\n\t\t<\/div>\n\t\t\t\t\t\t<\/div>\n\t\t\t\t<\/div>\n\t\t\t\t<div class=\"elementor-element elementor-element-4ccfba7 elementor-align-justify elementor-widget elementor-widget-button\" data-id=\"4ccfba7\" data-element_type=\"widget\" data-e-type=\"widget\" data-widget_type=\"button.default\">\n\t\t\t\t<div class=\"elementor-widget-container\">\n\t\t\t\t\t\t\t\t\t<div class=\"elementor-button-wrapper\">\n\t\t\t\t\t<a class=\"elementor-button elementor-button-link elementor-size-sm\" href=\"https:\/\/forms.gle\/JkRoZq7zuFaUGFzH8\" target=\"_blank\" id=\"Gastles\">\n\t\t\t\t\t\t<span class=\"elementor-button-content-wrapper\">\n\t\t\t\t\t\t\t\t\t<span class=\"elementor-button-text\">Vraag hier een gastles aan!<\/span>\n\t\t\t\t\t<\/span>\n\t\t\t\t\t<\/a>\n\t\t\t\t<\/div>\n\t\t\t\t\t\t\t\t<\/div>\n\t\t\t\t<\/div>\n\t\t\t\t<div class=\"elementor-element elementor-element-af839b8 elementor-widget elementor-widget-spacer\" data-id=\"af839b8\" data-element_type=\"widget\" data-e-type=\"widget\" data-widget_type=\"spacer.default\">\n\t\t\t\t<div class=\"elementor-widget-container\">\n\t\t\t\t\t\t\t<div class=\"elementor-spacer\">\n\t\t\t<div class=\"elementor-spacer-inner\"><\/div>\n\t\t<\/div>\n\t\t\t\t\t\t<\/div>\n\t\t\t\t<\/div>\n\t\t\t\t\t<\/div>\n\t\t<\/div>\n\t\t\t\t\t<\/div>\n\t\t<\/section>\n\t\t\t\t<section class=\"elementor-section elementor-top-section elementor-element elementor-element-5bdd123 elementor-section-boxed elementor-section-height-default elementor-section-height-default\" data-id=\"5bdd123\" data-element_type=\"section\" data-e-type=\"section\">\n\t\t\t\t\t\t<div class=\"elementor-container elementor-column-gap-default\">\n\t\t\t\t\t<div class=\"elementor-column elementor-col-100 elementor-top-column elementor-element elementor-element-8bf85db\" data-id=\"8bf85db\" data-element_type=\"column\" data-e-type=\"column\">\n\t\t\t<div class=\"elementor-widget-wrap elementor-element-populated\">\n\t\t\t\t\t\t<div class=\"elementor-element elementor-element-7626cde elementor-widget elementor-widget-text-editor\" data-id=\"7626cde\" data-element_type=\"widget\" data-e-type=\"widget\" data-widget_type=\"text-editor.default\">\n\t\t\t\t<div class=\"elementor-widget-container\">\n\t\t\t\t\t\t\t\t\t<p>Voor vragen of meer informatie kunt u mailen naar educatiedzg@gmail.com<\/p>\t\t\t\t\t\t\t\t<\/div>\n\t\t\t\t<\/div>\n\t\t\t\t\t<\/div>\n\t\t<\/div>\n\t\t\t\t\t<\/div>\n\t\t<\/section>\n\t\t\t\t<section class=\"elementor-section elementor-top-section elementor-element elementor-element-5dae72f elementor-section-height-min-height elementor-section-boxed elementor-section-height-default elementor-section-items-middle\" data-id=\"5dae72f\" data-element_type=\"section\" data-e-type=\"section\" data-settings=\"{&quot;background_background&quot;:&quot;classic&quot;}\">\n\t\t\t\t\t\t<div class=\"elementor-container elementor-column-gap-default\">\n\t\t\t\t\t<div class=\"elementor-column elementor-col-100 elementor-top-column elementor-element elementor-element-46ff681\" data-id=\"46ff681\" data-element_type=\"column\" data-e-type=\"column\">\n\t\t\t<div class=\"elementor-widget-wrap elementor-element-populated\">\n\t\t\t\t\t\t<div class=\"elementor-element elementor-element-8a4db31 elementor-widget__width-initial tranng-allow-drop elementor-widget elementor-widget-text-editor\" data-id=\"8a4db31\" data-element_type=\"widget\" data-e-type=\"widget\" data-widget_type=\"text-editor.default\">\n\t\t\t\t<div class=\"elementor-widget-container\">\n\t\t\t\t\t\t\t\t\t<h4>Er wordt goed geluisterd naar wat de kinderen zeggen en er wordt goed ingegaan op hun behoeften.<\/h4><h4>&#8211; Let&#8217;s Play &amp; Learn, Schijndel &#8211;<\/h4>\t\t\t\t\t\t\t\t<\/div>\n\t\t\t\t<\/div>\n\t\t\t\t\t<\/div>\n\t\t<\/div>\n\t\t\t\t\t<\/div>\n\t\t<\/section>\n\t\t\t\t<\/div>","protected":false},"excerpt":{"rendered":"<p>Gastlessen De educatiecommissie is opgericht om jonge mensen te informeren over het belang van One Health in Nederland en ontwikkelingslanden. Wij willen bewustzijn cre\u00ebren over o.a. dierenwelzijn en duurzaamheid, aangezien dit steeds meer opkomende, belangrijke onderwerpen zijn in onze huidige maatschappij. Daarnaast vergroten wij hiermee het bewustzijn over het belang van diergeneeskunde en de veehouderij [&hellip;]<\/p>\n","protected":false},"author":60,"featured_media":0,"parent":0,"menu_order":0,"comment_status":"closed","ping_status":"closed","template":"elementor_header_footer","meta":{"footnotes":""},"class_list":["post-31500","page","type-page","status-publish","hentry"],"yoast_head":"<!-- This site is optimized with the Yoast SEO plugin v26.9 - https:\/\/yoast.com\/product\/yoast-seo-wordpress\/ -->\n<title>DZG student gastlessen - Dierenartsen Zonder Grenzen<\/title>\n<meta name=\"robots\" content=\"index, follow, max-snippet:-1, max-image-preview:large, max-video-preview:-1\" \/>\n<link rel=\"canonical\" href=\"https:\/\/dierenartsenzondergrenzen.nl\/en\/dzg-student-gastlessen\/\" \/>\n<meta property=\"og:locale\" content=\"en_GB\" \/>\n<meta property=\"og:type\" content=\"article\" \/>\n<meta property=\"og:title\" content=\"DZG student gastlessen - Dierenartsen Zonder Grenzen\" \/>\n<meta property=\"og:description\" content=\"Gastlessen De educatiecommissie is opgericht om jonge mensen te informeren over het belang van One Health in Nederland en ontwikkelingslanden. Wij willen bewustzijn cre\u00ebren over o.a. dierenwelzijn en duurzaamheid, aangezien dit steeds meer opkomende, belangrijke onderwerpen zijn in onze huidige maatschappij. Daarnaast vergroten wij hiermee het bewustzijn over het belang van diergeneeskunde en de veehouderij [&hellip;]\" \/>\n<meta property=\"og:url\" content=\"https:\/\/dierenartsenzondergrenzen.nl\/en\/dzg-student-gastlessen\/\" \/>\n<meta property=\"og:site_name\" content=\"Dierenartsen Zonder Grenzen\" \/>\n<meta property=\"article:publisher\" content=\"https:\/\/www.facebook.com\/dierenartsenzondergrenzennederland\" \/>\n<meta property=\"article:modified_time\" content=\"2025-04-03T13:00:05+00:00\" \/>\n<meta name=\"twitter:card\" content=\"summary_large_image\" \/>\n<meta name=\"twitter:label1\" content=\"Estimated reading time\" \/>\n\t<meta name=\"twitter:data1\" content=\"2 minutes\" \/>\n<script type=\"application\/ld+json\" class=\"yoast-schema-graph\">{\"@context\":\"https:\/\/schema.org\",\"@graph\":[{\"@type\":\"WebPage\",\"@id\":\"https:\/\/dierenartsenzondergrenzen.nl\/dzg-student-gastlessen\/\",\"url\":\"https:\/\/dierenartsenzondergrenzen.nl\/dzg-student-gastlessen\/\",\"name\":\"DZG student gastlessen - Dierenartsen Zonder Grenzen\",\"isPartOf\":{\"@id\":\"https:\/\/dierenartsenzondergrenzen.nl\/#website\"},\"datePublished\":\"2025-02-27T17:19:57+00:00\",\"dateModified\":\"2025-04-03T13:00:05+00:00\",\"breadcrumb\":{\"@id\":\"https:\/\/dierenartsenzondergrenzen.nl\/dzg-student-gastlessen\/#breadcrumb\"},\"inLanguage\":\"en-GB\",\"potentialAction\":[{\"@type\":\"ReadAction\",\"target\":[\"https:\/\/dierenartsenzondergrenzen.nl\/dzg-student-gastlessen\/\"]}]},{\"@type\":\"BreadcrumbList\",\"@id\":\"https:\/\/dierenartsenzondergrenzen.nl\/dzg-student-gastlessen\/#breadcrumb\",\"itemListElement\":[{\"@type\":\"ListItem\",\"position\":1,\"name\":\"Home\",\"item\":\"https:\/\/dierenartsenzondergrenzen.nl\/\"},{\"@type\":\"ListItem\",\"position\":2,\"name\":\"DZG student gastlessen\"}]},{\"@type\":\"WebSite\",\"@id\":\"https:\/\/dierenartsenzondergrenzen.nl\/#website\",\"url\":\"https:\/\/dierenartsenzondergrenzen.nl\/\",\"name\":\"Dierenartsen Zonder Grenzen\",\"description\":\"Dierenartsen Zonder Grenzen\",\"publisher\":{\"@id\":\"https:\/\/dierenartsenzondergrenzen.nl\/#organization\"},\"potentialAction\":[{\"@type\":\"SearchAction\",\"target\":{\"@type\":\"EntryPoint\",\"urlTemplate\":\"https:\/\/dierenartsenzondergrenzen.nl\/?s={search_term_string}\"},\"query-input\":{\"@type\":\"PropertyValueSpecification\",\"valueRequired\":true,\"valueName\":\"search_term_string\"}}],\"inLanguage\":\"en-GB\"},{\"@type\":\"Organization\",\"@id\":\"https:\/\/dierenartsenzondergrenzen.nl\/#organization\",\"name\":\"Dierenartsen Zonder Grenzen\",\"url\":\"https:\/\/dierenartsenzondergrenzen.nl\/\",\"logo\":{\"@type\":\"ImageObject\",\"inLanguage\":\"en-GB\",\"@id\":\"https:\/\/dierenartsenzondergrenzen.nl\/#\/schema\/logo\/image\/\",\"url\":\"https:\/\/dierenartsenzondergrenzen.nl\/wp-content\/uploads\/2021\/12\/logo-VSF_NL_transparent-background.png\",\"contentUrl\":\"https:\/\/dierenartsenzondergrenzen.nl\/wp-content\/uploads\/2021\/12\/logo-VSF_NL_transparent-background.png\",\"width\":1654,\"height\":827,\"caption\":\"Dierenartsen Zonder Grenzen\"},\"image\":{\"@id\":\"https:\/\/dierenartsenzondergrenzen.nl\/#\/schema\/logo\/image\/\"},\"sameAs\":[\"https:\/\/www.facebook.com\/dierenartsenzondergrenzennederland\",\"https:\/\/www.instagram.com\/dierenartsenzondergrenzen.nl\/\"]}]}<\/script>\n<!-- \/ Yoast SEO plugin. -->","yoast_head_json":{"title":"DZG student gastlessen - Dierenartsen Zonder Grenzen","robots":{"index":"index","follow":"follow","max-snippet":"max-snippet:-1","max-image-preview":"max-image-preview:large","max-video-preview":"max-video-preview:-1"},"canonical":"https:\/\/dierenartsenzondergrenzen.nl\/en\/dzg-student-gastlessen\/","og_locale":"en_GB","og_type":"article","og_title":"DZG student gastlessen - Dierenartsen Zonder Grenzen","og_description":"Gastlessen De educatiecommissie is opgericht om jonge mensen te informeren over het belang van One Health in Nederland en ontwikkelingslanden. Wij willen bewustzijn cre\u00ebren over o.a. dierenwelzijn en duurzaamheid, aangezien dit steeds meer opkomende, belangrijke onderwerpen zijn in onze huidige maatschappij. Daarnaast vergroten wij hiermee het bewustzijn over het belang van diergeneeskunde en de veehouderij [&hellip;]","og_url":"https:\/\/dierenartsenzondergrenzen.nl\/en\/dzg-student-gastlessen\/","og_site_name":"Dierenartsen Zonder Grenzen","article_publisher":"https:\/\/www.facebook.com\/dierenartsenzondergrenzennederland","article_modified_time":"2025-04-03T13:00:05+00:00","twitter_card":"summary_large_image","twitter_misc":{"Estimated reading time":"2 minutes"},"schema":{"@context":"https:\/\/schema.org","@graph":[{"@type":"WebPage","@id":"https:\/\/dierenartsenzondergrenzen.nl\/dzg-student-gastlessen\/","url":"https:\/\/dierenartsenzondergrenzen.nl\/dzg-student-gastlessen\/","name":"DZG student gastlessen - Dierenartsen Zonder Grenzen","isPartOf":{"@id":"https:\/\/dierenartsenzondergrenzen.nl\/#website"},"datePublished":"2025-02-27T17:19:57+00:00","dateModified":"2025-04-03T13:00:05+00:00","breadcrumb":{"@id":"https:\/\/dierenartsenzondergrenzen.nl\/dzg-student-gastlessen\/#breadcrumb"},"inLanguage":"en-GB","potentialAction":[{"@type":"ReadAction","target":["https:\/\/dierenartsenzondergrenzen.nl\/dzg-student-gastlessen\/"]}]},{"@type":"BreadcrumbList","@id":"https:\/\/dierenartsenzondergrenzen.nl\/dzg-student-gastlessen\/#breadcrumb","itemListElement":[{"@type":"ListItem","position":1,"name":"Home","item":"https:\/\/dierenartsenzondergrenzen.nl\/"},{"@type":"ListItem","position":2,"name":"DZG student gastlessen"}]},{"@type":"WebSite","@id":"https:\/\/dierenartsenzondergrenzen.nl\/#website","url":"https:\/\/dierenartsenzondergrenzen.nl\/","name":"V\u00e9t\u00e9rinaires Sans Fronti\u00e8res","description":"V\u00e9t\u00e9rinaires Sans Fronti\u00e8res","publisher":{"@id":"https:\/\/dierenartsenzondergrenzen.nl\/#organization"},"potentialAction":[{"@type":"SearchAction","target":{"@type":"EntryPoint","urlTemplate":"https:\/\/dierenartsenzondergrenzen.nl\/?s={search_term_string}"},"query-input":{"@type":"PropertyValueSpecification","valueRequired":true,"valueName":"search_term_string"}}],"inLanguage":"en-GB"},{"@type":"Organization","@id":"https:\/\/dierenartsenzondergrenzen.nl\/#organization","name":"V\u00e9t\u00e9rinaires Sans Fronti\u00e8res","url":"https:\/\/dierenartsenzondergrenzen.nl\/","logo":{"@type":"ImageObject","inLanguage":"en-GB","@id":"https:\/\/dierenartsenzondergrenzen.nl\/#\/schema\/logo\/image\/","url":"https:\/\/dierenartsenzondergrenzen.nl\/wp-content\/uploads\/2021\/12\/logo-VSF_NL_transparent-background.png","contentUrl":"https:\/\/dierenartsenzondergrenzen.nl\/wp-content\/uploads\/2021\/12\/logo-VSF_NL_transparent-background.png","width":1654,"height":827,"caption":"Dierenartsen Zonder Grenzen"},"image":{"@id":"https:\/\/dierenartsenzondergrenzen.nl\/#\/schema\/logo\/image\/"},"sameAs":["https:\/\/www.facebook.com\/dierenartsenzondergrenzennederland","https:\/\/www.instagram.com\/dierenartsenzondergrenzen.nl\/"]}]}},"_links":{"self":[{"href":"https:\/\/dierenartsenzondergrenzen.nl\/en\/wp-json\/wp\/v2\/pages\/31500","targetHints":{"allow":["GET"]}}],"collection":[{"href":"https:\/\/dierenartsenzondergrenzen.nl\/en\/wp-json\/wp\/v2\/pages"}],"about":[{"href":"https:\/\/dierenartsenzondergrenzen.nl\/en\/wp-json\/wp\/v2\/types\/page"}],"author":[{"embeddable":true,"href":"https:\/\/dierenartsenzondergrenzen.nl\/en\/wp-json\/wp\/v2\/users\/60"}],"replies":[{"embeddable":true,"href":"https:\/\/dierenartsenzondergrenzen.nl\/en\/wp-json\/wp\/v2\/comments?post=31500"}],"version-history":[{"count":52,"href":"https:\/\/dierenartsenzondergrenzen.nl\/en\/wp-json\/wp\/v2\/pages\/31500\/revisions"}],"predecessor-version":[{"id":32379,"href":"https:\/\/dierenartsenzondergrenzen.nl\/en\/wp-json\/wp\/v2\/pages\/31500\/revisions\/32379"}],"wp:attachment":[{"href":"https:\/\/dierenartsenzondergrenzen.nl\/en\/wp-json\/wp\/v2\/media?parent=31500"}],"curies":[{"name":"wp","href":"https:\/\/api.w.org\/{rel}","templated":true}]}}